{"id":138,"date":"2026-03-06T15:21:41","date_gmt":"2026-03-06T15:21:41","guid":{"rendered":"https:\/\/oliviermetellus.fr\/?page_id=138"},"modified":"2026-03-13T17:36:20","modified_gmt":"2026-03-13T17:36:20","slug":"actions-transfrontalieres","status":"publish","type":"page","link":"https:\/\/oliviermetellus.fr\/index.php\/actions-transfrontalieres\/","title":{"rendered":"Actions transfrontali\u00e8res"},"content":{"rendered":"\n<div class=\"wp-block-group alignwide is-layout-flow wp-block-group-is-layout-flow\">\n<p>Deux missions, deux g\u00e9ographies, un m\u00eame geste : <strong>faire circuler des livres<\/strong>, \u00e9tablir des liens, et inscrire la transmission dans des lieux vivants.<br>Ces actions rel\u00e8vent d\u2019une francophonie concr\u00e8te : <strong>m\u00e9moire, culture, responsabilit\u00e9<\/strong>, \u00e0 travers des rencontres, des dotations et des partenariats possibles dans la dur\u00e9e.<\/p>\n<\/div>\n\n\n\n<h2 class=\"wp-block-heading alignwide\">Mission B\u00e9nin \u2014 avril 2024<\/h2>\n\n\n\n<div class=\"wp-block-media-text alignwide is-stacked-on-mobile\"><figure class=\"wp-block-media-text__media\"><img loading=\"lazy\" decoding=\"async\" width=\"1024\" height=\"768\" src=\"https:\/\/oliviermetellus.fr\/wp-content\/uploads\/2026\/02\/Porto_Novo_Metellus-1024x768.jpg\" alt=\"\" class=\"wp-image-139 size-full\" srcset=\"https:\/\/oliviermetellus.fr\/wp-content\/uploads\/2026\/02\/Porto_Novo_Metellus-1024x768.jpg 1024w, https:\/\/oliviermetellus.fr\/wp-content\/uploads\/2026\/02\/Porto_Novo_Metellus-300x225.jpg 300w, https:\/\/oliviermetellus.fr\/wp-content\/uploads\/2026\/02\/Porto_Novo_Metellus-768x576.jpg 768w, https:\/\/oliviermetellus.fr\/wp-content\/uploads\/2026\/02\/Porto_Novo_Metellus-1536x1152.jpg 1536w, https:\/\/oliviermetellus.fr\/wp-content\/uploads\/2026\/02\/Porto_Novo_Metellus-2048x1536.jpg 2048w\" sizes=\"auto, (max-width: 1024px) 100vw, 1024px\" \/><\/figure><div class=\"wp-block-media-text__content\">\n<p>Mission de diplomatie culturelle : dotations cibl\u00e9es et rencontres, avec un fil rouge \u201cm\u00e9moire \u2013 transmission \u2013 jeunesse\u201d<br>\u00c9tapes rep\u00e8res : Allada, Ouidah, Porto-Novo (ci-contre au Centre culturel Akanga), autour de lieux de m\u00e9diation.<\/p>\n\n\n\n<ul class=\"wp-block-list\">\n<li>Autour Toussaint Louverture : m\u00e9moire, autorit\u00e9 locale et dimension<\/li>\n\n\n\n<li>Dotation \u00e0 la Fondation Zinsou (acc\u00e8s \u00e0 la culture, m\u00e9diation, jeunesse)<\/li>\n\n\n\n<li>Lieu fort : Centre de Cultures Akanga (librairie\/biblioth\u00e8que) et r\u00e9seau \u201ccha\u00eene du livre\u00a0\u00bb<\/li>\n<\/ul>\n\n\n\n<div class=\"wp-block-buttons is-layout-flex wp-block-buttons-is-layout-flex\">\n<div class=\"wp-block-button\"><a class=\"wp-block-button__link has-custom-blanc-color has-custom-bleu-accent-cta-background-color has-text-color has-background has-link-color wp-element-button\" href=\"https:\/\/jeanmetellus.com\/mission-de-transmission-benin-avril-2024\/\" target=\"_blank\" rel=\"noreferrer noopener\">Voir les d\u00e9tails de la mission<\/a><\/div>\n\n\n\n<div class=\"wp-block-button\"><a class=\"wp-block-button__link has-custom-blanc-color has-custom-bleu-accent-cta-background-color has-text-color has-background has-link-color wp-element-button\" href=\"https:\/\/oliviermetellus.fr\/wp-content\/uploads\/2026\/03\/Note_de_synthese-MISSION-FRANCOPHONE-ET-CULTURELLE-AU-BENIN.pdf\" target=\"_blank\" rel=\"noreferrer noopener\">T\u00e9l\u00e9charger le rapport<\/a><\/div>\n<\/div>\n<\/div><\/div>\n\n\n\n<div style=\"height:50px\" aria-hidden=\"true\" class=\"wp-block-spacer\"><\/div>\n\n\n\n<h2 class=\"wp-block-heading alignwide\">Mission Maurice \u2014 Le Morne Brabant \u2014 octobre 2025<\/h2>\n\n\n\n<div class=\"wp-block-media-text alignwide is-stacked-on-mobile is-image-fill-element\"><figure class=\"wp-block-media-text__media\"><img loading=\"lazy\" decoding=\"async\" width=\"1200\" height=\"1600\" src=\"https:\/\/oliviermetellus.fr\/wp-content\/uploads\/2026\/02\/Morne_Heritage_AAJM-2025.jpg\" alt=\"\" class=\"wp-image-140 size-full\" style=\"object-position:51% 22%\" srcset=\"https:\/\/oliviermetellus.fr\/wp-content\/uploads\/2026\/02\/Morne_Heritage_AAJM-2025.jpg 1200w, https:\/\/oliviermetellus.fr\/wp-content\/uploads\/2026\/02\/Morne_Heritage_AAJM-2025-225x300.jpg 225w, https:\/\/oliviermetellus.fr\/wp-content\/uploads\/2026\/02\/Morne_Heritage_AAJM-2025-768x1024.jpg 768w, https:\/\/oliviermetellus.fr\/wp-content\/uploads\/2026\/02\/Morne_Heritage_AAJM-2025-1152x1536.jpg 1152w\" sizes=\"auto, (max-width: 1200px) 100vw, 1200px\" \/><\/figure><div class=\"wp-block-media-text__content\">\n<p>Transmission litt\u00e9raire et patrimoniale dans un haut lieu de m\u00e9moire li\u00e9 au marronnage sous l&rsquo;\u00e9gide de l\u2019UNESCO.<br>Dotation d\u2019ouvrages et partage de correspondance, dans une logique \u201cdialogue des \u00eeles\u201d.<\/p>\n\n\n\n<p><\/p>\n\n\n\n<ul class=\"wp-block-list\">\n<li>Remise officielle au Le Morne Heritage Trust Fund e Trust Fund<\/li>\n\n\n\n<li>Un lien litt\u00e9raire avec l&rsquo;\u00e9crivain mauricien \u00c9douard J. Maunick (courrier dat\u00e9 de 1991)<\/li>\n\n\n\n<li>Pistes de suites : ressources, lectures crois\u00e9es, valorisation num\u00e9rique, r\u00e9seaux francophones.<\/li>\n<\/ul>\n\n\n\n<div class=\"wp-block-buttons is-layout-flex wp-block-buttons-is-layout-flex\">\n<div class=\"wp-block-button\"><a class=\"wp-block-button__link has-custom-blanc-color has-custom-bleu-accent-cta-background-color has-text-color has-background has-link-color wp-element-button\" href=\"https:\/\/jeanmetellus.com\/mission-de-transmission-ile-maurice-le-morne-heritage-unesco-octobre-2025\/\" target=\"_blank\" rel=\"noreferrer noopener\">Voir les d\u00e9tails de la mission<\/a><\/div>\n\n\n\n<div class=\"wp-block-button\"><a class=\"wp-block-button__link has-custom-blanc-color has-custom-bleu-accent-cta-background-color has-text-color has-background has-link-color wp-element-button\" href=\"https:\/\/oliviermetellus.fr\/wp-content\/uploads\/2026\/03\/Rapport_AAJM_LeMorne_NoteSynthese_v1.pdf\" target=\"_blank\" rel=\"noreferrer noopener\">T\u00e9l\u00e9charger le rapport<\/a><\/div>\n<\/div>\n<\/div><\/div>\n\n\n\n<div class=\"wp-block-group alignwide is-layout-flow wp-block-group-is-layout-flow\">\n<p><\/p>\n<\/div>\n\n\n\n<p><\/p>\n","protected":false},"excerpt":{"rendered":"<p>Deux missions, deux g\u00e9ographies, un m\u00eame geste : faire circuler des livres, \u00e9tablir des liens, et inscrire la transmission dans des lieux vivants.Ces actions rel\u00e8vent d\u2019une francophonie concr\u00e8te : m\u00e9moire, culture, responsabilit\u00e9, \u00e0 travers des rencontres, des dotations et des partenariats possibles dans la dur\u00e9e. Mission B\u00e9nin \u2014 avril 2024 Mission Maurice \u2014 Le Morne [&hellip;]<\/p>\n","protected":false},"author":1,"featured_media":0,"parent":0,"menu_order":0,"comment_status":"closed","ping_status":"closed","template":"page-interne-bandeau-bleu","meta":{"footnotes":""},"class_list":["post-138","page","type-page","status-publish","hentry"],"_links":{"self":[{"href":"https:\/\/oliviermetellus.fr\/index.php\/wp-json\/wp\/v2\/pages\/138","targetHints":{"allow":["GET"]}}],"collection":[{"href":"https:\/\/oliviermetellus.fr\/index.php\/wp-json\/wp\/v2\/pages"}],"about":[{"href":"https:\/\/oliviermetellus.fr\/index.php\/wp-json\/wp\/v2\/types\/page"}],"author":[{"embeddable":true,"href":"https:\/\/oliviermetellus.fr\/index.php\/wp-json\/wp\/v2\/users\/1"}],"replies":[{"embeddable":true,"href":"https:\/\/oliviermetellus.fr\/index.php\/wp-json\/wp\/v2\/comments?post=138"}],"version-history":[{"count":5,"href":"https:\/\/oliviermetellus.fr\/index.php\/wp-json\/wp\/v2\/pages\/138\/revisions"}],"predecessor-version":[{"id":1382,"href":"https:\/\/oliviermetellus.fr\/index.php\/wp-json\/wp\/v2\/pages\/138\/revisions\/1382"}],"wp:attachment":[{"href":"https:\/\/oliviermetellus.fr\/index.php\/wp-json\/wp\/v2\/media?parent=138"}],"curies":[{"name":"wp","href":"https:\/\/api.w.org\/{rel}","templated":true}]}}