{"id":288,"date":"2026-03-06T15:24:08","date_gmt":"2026-03-06T15:24:08","guid":{"rendered":"https:\/\/oliviermetellus.fr\/?page_id=288"},"modified":"2026-03-15T21:04:16","modified_gmt":"2026-03-15T21:04:16","slug":"ecrits-publications","status":"publish","type":"page","link":"https:\/\/oliviermetellus.fr\/index.php\/ecrits-publications\/","title":{"rendered":"\u00c9crits &#038; publications"},"content":{"rendered":"\n<div class=\"wp-block-group alignwide is-layout-flow wp-block-group-is-layout-flow\">\n<p>Les \u00e9crits rassembl\u00e9s ici couvrent deux registres compl\u00e9mentaires : d\u2019une part, des textes de management et de transformation (m\u00e9thode, gouvernance, confiance) ; d\u2019autre part, des textes de culture et de transmission, o\u00f9 l\u2019attention au r\u00e9cit, aux figures et aux passerelles s\u2019exprime autrement. Le fil reste le m\u00eame : clart\u00e9, structure et sens.<\/p>\n\n\n\n<p class=\"has-medium-font-size\">NB \u2014 Certains textes rel\u00e8vent \u00e0 la fois de la pratique professionnelle et d\u2019une d\u00e9marche de transmission : ils sont pr\u00e9sent\u00e9s ici comme des rep\u00e8res d\u2019\u00e9criture et de pens\u00e9e<\/p>\n<\/div>\n\n\n\n<h2 class=\"wp-block-heading alignwide\">Sommaire<\/h2>\n\n\n\n<div class=\"wp-block-group alignwide is-layout-flow wp-block-group-is-layout-flow\">\n<ul class=\"wp-block-list\">\n<li id=\"management\"><a href=\"#management-transfo\" data-type=\"internal\" data-id=\"#management-transfo\">Management &amp; transformation<\/a><\/li>\n\n\n\n<li id=\"transmission\"><a href=\"#transmission\" data-type=\"internal\" data-id=\"#transmission\">Transmission<\/a><\/li>\n\n\n\n<li id=\"archives\"><a href=\"#archives\" data-type=\"internal\" data-id=\"#archives\">Archives<\/a> (Culture &amp; m\u00e9tissage -2007\u20132010)<\/li>\n<\/ul>\n<\/div>\n\n\n\n<h2 class=\"wp-block-heading alignwide\" id=\"management-transfo\">Management &amp; transformation (LinkedIn)<\/h2>\n\n\n\n<div class=\"wp-block-group alignwide is-layout-flow wp-block-group-is-layout-flow\">\n<p>Textes courts, orient\u00e9s pratique : cadrer, lancer, gouverner, installer la confiance<\/p>\n<\/div>\n\n\n\n<div class=\"wp-block-group alignwide has-custom-gris-clair-background-color has-background has-global-padding is-layout-constrained wp-block-group-is-layout-constrained\" style=\"border-top-left-radius:15px;border-top-right-radius:15px;border-bottom-left-radius:15px;border-bottom-right-radius:15px\">\n<h3 class=\"wp-block-heading alignwide\"><strong>A la une<\/strong><\/h3>\n\n\n\n<div class=\"wp-block-columns alignwide is-not-stacked-on-mobile is-layout-flex wp-container-core-columns-is-layout-a5331a9e wp-block-columns-is-layout-flex\" style=\"padding-top:0;padding-right:0;padding-bottom:0;padding-left:0\">\n<div class=\"wp-block-column is-vertically-aligned-stretch has-custom-gris-clair-background-color has-background is-layout-flow wp-block-column-is-layout-flow\" style=\"border-top-left-radius:15px;border-top-right-radius:15px;border-bottom-left-radius:15px;border-bottom-right-radius:15px;padding-top:0;padding-right:0;padding-bottom:0;padding-left:0\">\n<figure class=\"wp-block-image size-large\"><img loading=\"lazy\" decoding=\"async\" width=\"1024\" height=\"427\" src=\"https:\/\/oliviermetellus.fr\/wp-content\/uploads\/2026\/02\/Management_O_Metellus1_0-1024x427.png\" alt=\"\" class=\"wp-image-293\" srcset=\"https:\/\/oliviermetellus.fr\/wp-content\/uploads\/2026\/02\/Management_O_Metellus1_0-1024x427.png 1024w, https:\/\/oliviermetellus.fr\/wp-content\/uploads\/2026\/02\/Management_O_Metellus1_0-300x125.png 300w, https:\/\/oliviermetellus.fr\/wp-content\/uploads\/2026\/02\/Management_O_Metellus1_0-768x320.png 768w, https:\/\/oliviermetellus.fr\/wp-content\/uploads\/2026\/02\/Management_O_Metellus1_0.png 1200w\" sizes=\"auto, (max-width: 1024px) 100vw, 1024px\" \/><\/figure>\n\n\n\n<div style=\"height:50px\" aria-hidden=\"true\" class=\"wp-block-spacer\"><\/div>\n\n\n\n<ul class=\"wp-block-list\">\n<li><strong>De l\u2019Art et de l\u2019importance du kick-off meeting<\/strong> \u2014 LinkedIn \/ PF Consulting (15 d\u00e9c. 2020)<br>Liens : <a href=\"https:\/\/www.linkedin.com\/pulse\/enpotans-kick-off-meeting-de-lart-et-limportance-du-olivier-m%25C3%25A9tellus\/?trackingId=y4958lyIRF6GUhUZVLJjGg%3D%3D\" target=\"_blank\" rel=\"noreferrer noopener\">Lire (web)<\/a> \u00b7 PDF (<a href=\"https:\/\/oliviermetellus.fr\/wp-content\/uploads\/2026\/02\/The-Art-of-kick-Off-meeting_en-1.pdf\" data-type=\"link\" data-id=\"https:\/\/oliviermetellus.fr\/wp-content\/uploads\/2026\/02\/The-Art-of-kick-Off-meeting_en-1.pdf\" target=\"_blank\" rel=\"noreferrer noopener\">En<\/a>, <a href=\"https:\/\/oliviermetellus.fr\/wp-content\/uploads\/2026\/02\/LArt-du-kick-Off-meeting_fr-1.pdf\" target=\"_blank\" rel=\"noreferrer noopener\">Fr<\/a>, <a href=\"https:\/\/oliviermetellus.fr\/wp-content\/uploads\/2026\/02\/Enpotans-kick-off-meeting_kr-1.pdf\" data-type=\"link\" data-id=\"https:\/\/oliviermetellus.fr\/wp-content\/uploads\/2026\/02\/Enpotans-kick-off-meeting_kr-1.pdf\" target=\"_blank\" rel=\"noreferrer noopener\">Ht<\/a>)<\/li>\n\n\n\n<li><strong>L\u2019Art d\u2019instaurer le continuum de la confiance<\/strong> \u2014 LinkedIn \/ PF Consulting (5 oct. 2021)<br>Liens : Lire (web) \u00b7 <a href=\"https:\/\/oliviermetellus.fr\/wp-content\/uploads\/2026\/02\/MorningMeeting_fr-v1.pdf\" data-type=\"link\" data-id=\"https:\/\/oliviermetellus.fr\/wp-content\/uploads\/2026\/02\/MorningMeeting_fr-v1.pdf\" target=\"_blank\" rel=\"noreferrer noopener\">PDF<\/a><\/li>\n\n\n\n<li><strong>Leadership transformationnel \u2014 Auditer, c\u2019est travailler la confiance<\/strong> \u2014 LinkedIn \/ IIAI Ha\u00efti (25 nov. 2025)<br>Liens : <a href=\"https:\/\/www.linkedin.com\/pulse\/auditer-cest-travailler-la-confiance-olivier-m%25C3%25A9tellus--nikce\/?trackingId=y4958lyIRF6GUhUZVLJjGg%3D%3D\" target=\"_blank\" rel=\"noreferrer noopener\">Lire (web)<\/a> \u00b7 PDF<\/li>\n<\/ul>\n\n\n\n<p class=\"has-medium-font-size\">Ces textes figurent \u00e9galement en rep\u00e8res dans \u00ab Engagements &amp; contributions \u00bb (lecture par engagements).<\/p>\n<\/div>\n<\/div>\n<\/div>\n\n\n\n<h3 class=\"wp-block-heading alignwide\"><strong>Liste compl\u00e8te<\/strong><\/h3>\n\n\n\n<details class=\"wp-block-details alignwide is-layout-flow wp-block-details-is-layout-flow\"><summary>Voir la liste compl\u00e8te<\/summary>\n<p><strong>De l\u2019Art et de l\u2019importance du kick-off meeting<\/strong> \u2014 LinkedIn \/ PF Consulting (15 d\u00e9c. 2020)<br>Liens : <a href=\"https:\/\/www.linkedin.com\/pulse\/enpotans-kick-off-meeting-de-lart-et-limportance-du-olivier-m%25C3%25A9tellus\/?trackingId=y4958lyIRF6GUhUZVLJjGg%3D%3D\" target=\"_blank\" rel=\"noreferrer noopener\">Lire (web)<\/a> \u00b7 PDF (<a href=\"https:\/\/oliviermetellus.fr\/wp-content\/uploads\/2026\/02\/The-Art-of-kick-Off-meeting_en-1.pdf\" data-type=\"link\" data-id=\"https:\/\/oliviermetellus.fr\/wp-content\/uploads\/2026\/02\/The-Art-of-kick-Off-meeting_en-1.pdf\" target=\"_blank\" rel=\"noreferrer noopener\">En<\/a>, <a href=\"https:\/\/oliviermetellus.fr\/wp-content\/uploads\/2026\/02\/LArt-du-kick-Off-meeting_fr-1.pdf\" target=\"_blank\" rel=\"noreferrer noopener\">Fr<\/a>, <a href=\"https:\/\/oliviermetellus.fr\/wp-content\/uploads\/2026\/02\/Enpotans-kick-off-meeting_kr-1.pdf\" data-type=\"link\" data-id=\"https:\/\/oliviermetellus.fr\/wp-content\/uploads\/2026\/02\/Enpotans-kick-off-meeting_kr-1.pdf\" target=\"_blank\" rel=\"noreferrer noopener\">Ht<\/a>)<\/p>\n\n\n\n<p><strong>L\u2019Art d\u2019instaurer le continuum de la confiance<\/strong> \u2014 LinkedIn \/ PF Consulting (5 oct. 2021)<br>Liens : Lire (web) \u00b7 <a href=\"https:\/\/oliviermetellus.fr\/wp-content\/uploads\/2026\/02\/MorningMeeting_fr-v1.pdf\" data-type=\"link\" data-id=\"https:\/\/oliviermetellus.fr\/wp-content\/uploads\/2026\/02\/MorningMeeting_fr-v1.pdf\" target=\"_blank\" rel=\"noreferrer noopener\">PDF<\/a><\/p>\n\n\n\n<p><strong>Le chemin du PfMP<\/strong> \u2014 Newsletter PMI France (8 avril 2022)<br>Liens : Lire (web) \u00b7 <a href=\"https:\/\/oliviermetellus.fr\/wp-content\/uploads\/2026\/03\/Le-chemin-du-PfMP_O_Metellus.pdf\" data-type=\"attachment\" data-id=\"1324\" target=\"_blank\" rel=\"noreferrer noopener\">PDF<\/a><\/p>\n\n\n\n<p><strong>Leadership transformationnel \u2014 Auditer, c\u2019est travailler la confiance<\/strong> \u2014 LinkedIn \/ IIAI Ha\u00efti (25 nov. 2025)<br>Liens : <a href=\"https:\/\/www.linkedin.com\/pulse\/auditer-cest-travailler-la-confiance-olivier-m%25C3%25A9tellus--nikce\/?trackingId=y4958lyIRF6GUhUZVLJjGg%3D%3D\" target=\"_blank\" rel=\"noreferrer noopener\">Lire (web)<\/a> \u00b7 PDF<\/p>\n<\/details>\n\n\n\n<h2 class=\"wp-block-heading alignwide\">Transmission<\/h2>\n\n\n\n<div class=\"wp-block-group alignwide is-layout-flow wp-block-group-is-layout-flow\">\n<p id=\"transmission\">Textes d\u2019\u00e9v\u00e9nements et de rencontres : faire dialoguer \u0153uvres, lieux et publics.<\/p>\n<\/div>\n\n\n\n<div class=\"wp-block-group alignwide has-custom-gris-clair-background-color has-background has-global-padding is-layout-constrained wp-block-group-is-layout-constrained\" style=\"border-top-left-radius:15px;border-top-right-radius:15px;border-bottom-left-radius:15px;border-bottom-right-radius:15px\">\n<h3 class=\"wp-block-heading alignwide\"><strong>A la une<\/strong><\/h3>\n\n\n\n<div class=\"wp-block-columns alignwide has-custom-gris-clair-background-color has-background is-layout-flex wp-container-core-columns-is-layout-b653aba5 wp-block-columns-is-layout-flex\" style=\"border-top-left-radius:15px;border-top-right-radius:15px;border-bottom-left-radius:15px;border-bottom-right-radius:15px;padding-top:var(--wp--preset--spacing--50);padding-right:var(--wp--preset--spacing--50);padding-bottom:var(--wp--preset--spacing--50);padding-left:var(--wp--preset--spacing--50)\">\n<div class=\"wp-block-column is-layout-flow wp-block-column-is-layout-flow\">\n<figure class=\"wp-block-image size-full\"><img loading=\"lazy\" decoding=\"async\" width=\"643\" height=\"971\" src=\"https:\/\/oliviermetellus.fr\/wp-content\/uploads\/2026\/02\/Programme_AAJM_MAL_122025.png\" alt=\"\" class=\"wp-image-300\" srcset=\"https:\/\/oliviermetellus.fr\/wp-content\/uploads\/2026\/02\/Programme_AAJM_MAL_122025.png 643w, https:\/\/oliviermetellus.fr\/wp-content\/uploads\/2026\/02\/Programme_AAJM_MAL_122025-199x300.png 199w\" sizes=\"auto, (max-width: 643px) 100vw, 643px\" \/><\/figure>\n<\/div>\n\n\n\n<div class=\"wp-block-column is-layout-flow wp-block-column-is-layout-flow\">\n<figure class=\"wp-block-image size-large\"><img loading=\"lazy\" decoding=\"async\" width=\"706\" height=\"1024\" src=\"https:\/\/oliviermetellus.fr\/wp-content\/uploads\/2026\/02\/Flyer_MIDAN-706x1024.jpg\" alt=\"\" class=\"wp-image-301\" srcset=\"https:\/\/oliviermetellus.fr\/wp-content\/uploads\/2026\/02\/Flyer_MIDAN-706x1024.jpg 706w, https:\/\/oliviermetellus.fr\/wp-content\/uploads\/2026\/02\/Flyer_MIDAN-207x300.jpg 207w, https:\/\/oliviermetellus.fr\/wp-content\/uploads\/2026\/02\/Flyer_MIDAN-768x1113.jpg 768w, https:\/\/oliviermetellus.fr\/wp-content\/uploads\/2026\/02\/Flyer_MIDAN-1060x1536.jpg 1060w, https:\/\/oliviermetellus.fr\/wp-content\/uploads\/2026\/02\/Flyer_MIDAN.jpg 1188w\" sizes=\"auto, (max-width: 706px) 100vw, 706px\" \/><\/figure>\n<\/div>\n\n\n\n<div class=\"wp-block-column is-layout-flow wp-block-column-is-layout-flow\">\n<figure class=\"wp-block-image aligncenter size-large\"><img loading=\"lazy\" decoding=\"async\" width=\"742\" height=\"1024\" src=\"https:\/\/oliviermetellus.fr\/wp-content\/uploads\/2026\/02\/LencrierRenverse-742x1024.jpg\" alt=\"\" class=\"wp-image-302\" srcset=\"https:\/\/oliviermetellus.fr\/wp-content\/uploads\/2026\/02\/LencrierRenverse-742x1024.jpg 742w, https:\/\/oliviermetellus.fr\/wp-content\/uploads\/2026\/02\/LencrierRenverse-217x300.jpg 217w, https:\/\/oliviermetellus.fr\/wp-content\/uploads\/2026\/02\/LencrierRenverse-768x1059.jpg 768w, https:\/\/oliviermetellus.fr\/wp-content\/uploads\/2026\/02\/LencrierRenverse-1113x1536.jpg 1113w, https:\/\/oliviermetellus.fr\/wp-content\/uploads\/2026\/02\/LencrierRenverse-1485x2048.jpg 1485w, https:\/\/oliviermetellus.fr\/wp-content\/uploads\/2026\/02\/LencrierRenverse.jpg 1660w\" sizes=\"auto, (max-width: 742px) 100vw, 742px\" \/><\/figure>\n<\/div>\n\n\n\n<div class=\"wp-block-column is-layout-flow wp-block-column-is-layout-flow\">\n<figure class=\"wp-block-image size-full\"><img loading=\"lazy\" decoding=\"async\" width=\"633\" height=\"890\" src=\"https:\/\/oliviermetellus.fr\/wp-content\/uploads\/2026\/02\/MIDAN_Metellus.png\" alt=\"\" class=\"wp-image-337\" srcset=\"https:\/\/oliviermetellus.fr\/wp-content\/uploads\/2026\/02\/MIDAN_Metellus.png 633w, https:\/\/oliviermetellus.fr\/wp-content\/uploads\/2026\/02\/MIDAN_Metellus-213x300.png 213w\" sizes=\"auto, (max-width: 633px) 100vw, 633px\" \/><\/figure>\n<\/div>\n<\/div>\n\n\n\n<div class=\"wp-block-columns alignwide is-not-stacked-on-mobile is-layout-flex wp-container-core-columns-is-layout-28f84493 wp-block-columns-is-layout-flex\">\n<div class=\"wp-block-column is-vertically-aligned-stretch has-custom-gris-clair-background-color has-background is-layout-flow wp-block-column-is-layout-flow\" style=\"border-top-left-radius:10px;border-top-right-radius:10px;border-bottom-left-radius:10px;border-bottom-right-radius:10px\">\n<ul class=\"wp-block-list\">\n<li><strong>Recension th\u00e9\u00e2tre de Nicole Cage, \u00ab Cette femme-l\u00e0 \u00bb<\/strong> &#8211; AAJM (2026)<br><em>CARA\u00cfBEDITIONS<\/em>, DIDASCAL&rsquo;ILES<br>Liens :<a href=\"https:\/\/oliviermetellus.fr\/wp-content\/uploads\/2026\/03\/Recension_N_Cage_CetteFemmeLa_OMv1-1.pdf\" data-type=\"attachment\" data-id=\"1429\" target=\"_blank\" rel=\"noreferrer noopener\">Lire (PDF)<\/a><\/li>\n\n\n\n<li><strong>Recension<\/strong> \u2014 Ir\u00e8ne Lur\u00e7at, <em>Comment je suis devenu gros<\/em>,<br><em>L\u2019Encrier renvers\u00e9<\/em>, n\u00b0100, <em>Francophonie<\/em>, 2026 &#8211; AAJM (2026)<br>Liens : <a href=\"https:\/\/jeanmetellus.com\/note-de-lecture-irene-lurcat-comment-je-suis-devenu-gros\/\" data-type=\"link\" data-id=\"https:\/\/jeanmetellus.com\/note-de-lecture-irene-lurcat-comment-je-suis-devenu-gros\/\" target=\"_blank\" rel=\"noreferrer noopener\">Lire (web)<\/a> \u00b7 PDF<\/li>\n\n\n\n<li><strong>De Jacmel \u00e0 Vicq : l\u2019art na\u00eff en conversation<\/strong> &#8211; AAJM (2025)<br>Liens : <a href=\"https:\/\/jeanmetellus.com\/de-jacmel-a-vicq-lart-naif-en-conversation-haiti-italie-france-portugal-et-allemagne\/\" data-type=\"link\" data-id=\"https:\/\/jeanmetellus.com\/de-jacmel-a-vicq-lart-naif-en-conversation-haiti-italie-france-portugal-et-allemagne\/\" target=\"_blank\" rel=\"noreferrer noopener\">Lire (web)<\/a> \u00b7 PDF<\/li>\n<\/ul>\n<\/div>\n<\/div>\n<\/div>\n\n\n\n<h3 class=\"wp-block-heading alignwide\"><strong>Liste compl\u00e8te<\/strong><\/h3>\n\n\n\n<details class=\"wp-block-details alignwide is-layout-flow wp-block-details-is-layout-flow\"><summary>Voir la liste compl\u00e8te<\/summary>\n<p><strong>Recension th\u00e9\u00e2tre de Nicole Cage, \u00ab Cette femme-l\u00e0 \u00bb<\/strong> &#8211; AAJM (2026)<br>Liens :<a href=\"https:\/\/oliviermetellus.fr\/wp-content\/uploads\/2026\/03\/Recension_N_Cage_CetteFemmeLa_OMv1-1.pdf\" data-type=\"attachment\" data-id=\"1429\" target=\"_blank\" rel=\"noreferrer noopener\">Lire (PDF)<\/a><\/p>\n\n\n\n<p><strong>Recension nouvelle d&rsquo;Ir\u00e8ne Lur\u00e7at, \u00ab Comment je suis devenu gros \u00bb<\/strong> &#8211; AAJM (2026)<br>Liens :<a href=\"https:\/\/jeanmetellus.com\/note-de-lecture-irene-lurcat-comment-je-suis-devenu-gros\/\" data-type=\"link\" data-id=\"https:\/\/jeanmetellus.com\/note-de-lecture-irene-lurcat-comment-je-suis-devenu-gros\/\" target=\"_blank\" rel=\"noreferrer noopener\">Lire (web)<\/a> \u00b7 PDF <\/p>\n\n\n\n<p>I<strong>ntelligence artificielle et litt\u00e9rature : horizons du regard francophone<\/strong> &#8211; AAJM (2026)<br>Liens :  <a href=\"https:\/\/jeanmetellus.com\/intelligence-artificielle-et-litterature-horizons-du-regard-francophone-a-la-maison-de-lamerique-latine-dans-lheritage-de-jean-metellus\/\" data-type=\"link\" data-id=\"https:\/\/jeanmetellus.com\/intelligence-artificielle-et-litterature-horizons-du-regard-francophone-a-la-maison-de-lamerique-latine-dans-lheritage-de-jean-metellus\/\" target=\"_blank\" rel=\"noreferrer noopener\">Lire (web)<\/a>  \u00b7 PDF<\/p>\n\n\n\n<p><strong>De Jacmel \u00e0 Vicq : l\u2019art na\u00eff en conversation<\/strong> &#8211; AAJM (2025)<br>Liens : <a href=\"https:\/\/jeanmetellus.com\/de-jacmel-a-vicq-lart-naif-en-conversation-haiti-italie-france-portugal-et-allemagne\/\" data-type=\"link\" data-id=\"https:\/\/jeanmetellus.com\/de-jacmel-a-vicq-lart-naif-en-conversation-haiti-italie-france-portugal-et-allemagne\/\" target=\"_blank\" rel=\"noreferrer noopener\">Lire (web)<\/a> \u00b7 PDF<\/p>\n\n\n\n<p><strong>Pour G\u00e9rard Aubourg<\/strong> &#8211; Pour Ha\u00efti (2024)<br>Liens : <a href=\"https:\/\/oliviermetellus.fr\/wp-content\/uploads\/2026\/03\/Pour-Gerard-Aubourg.pdf\" data-type=\"attachment\" data-id=\"1333\" target=\"_blank\" rel=\"noreferrer noopener\">PDF<\/a><\/p>\n<\/details>\n\n\n\n<h2 class=\"wp-block-heading alignwide\" id=\"archives\">Archives culturelles (Mag. Esprit M\u00e9tis et autres)<\/h2>\n\n\n\n<div class=\"wp-block-group alignwide is-layout-flow wp-block-group-is-layout-flow\">\n<p>Avant les textes de m\u00e9thode et de transmission, ces publications ont \u00e9t\u00e9 un premier terrain : portraits, recensions et grandes figures du m\u00e9tissage ou d&rsquo;ailleurs, principalement dans la revue Esprit M\u00e9tis.<\/p>\n<\/div>\n\n\n\n<div class=\"wp-block-group alignwide has-custom-gris-clair-background-color has-background has-global-padding is-layout-constrained wp-block-group-is-layout-constrained\" style=\"border-top-left-radius:15px;border-top-right-radius:15px;border-bottom-left-radius:15px;border-bottom-right-radius:15px\">\n<h3 class=\"wp-block-heading alignwide\"><strong>A la une<\/strong><\/h3>\n\n\n\n<figure class=\"wp-block-gallery alignwide has-nested-images columns-8 is-cropped has-custom-gris-clair-background-color has-background wp-block-gallery-1 is-layout-flex wp-block-gallery-is-layout-flex\" style=\"border-top-left-radius:15px;border-top-right-radius:15px;border-bottom-left-radius:15px;border-bottom-right-radius:15px\">\n<figure class=\"wp-block-image size-large\"><img loading=\"lazy\" decoding=\"async\" width=\"299\" height=\"448\" data-id=\"310\" src=\"https:\/\/oliviermetellus.fr\/wp-content\/uploads\/2026\/02\/CouvEM1.jpg\" alt=\"\" class=\"wp-image-310\" srcset=\"https:\/\/oliviermetellus.fr\/wp-content\/uploads\/2026\/02\/CouvEM1.jpg 299w, https:\/\/oliviermetellus.fr\/wp-content\/uploads\/2026\/02\/CouvEM1-200x300.jpg 200w\" sizes=\"auto, (max-width: 299px) 100vw, 299px\" \/><\/figure>\n\n\n\n<figure class=\"wp-block-image size-large\"><img loading=\"lazy\" decoding=\"async\" width=\"300\" height=\"448\" data-id=\"309\" src=\"https:\/\/oliviermetellus.fr\/wp-content\/uploads\/2026\/02\/couvEM2.jpg\" alt=\"\" class=\"wp-image-309\" srcset=\"https:\/\/oliviermetellus.fr\/wp-content\/uploads\/2026\/02\/couvEM2.jpg 300w, https:\/\/oliviermetellus.fr\/wp-content\/uploads\/2026\/02\/couvEM2-201x300.jpg 201w\" sizes=\"auto, (max-width: 300px) 100vw, 300px\" \/><\/figure>\n\n\n\n<figure class=\"wp-block-image size-large\"><img loading=\"lazy\" decoding=\"async\" width=\"408\" height=\"613\" data-id=\"314\" src=\"https:\/\/oliviermetellus.fr\/wp-content\/uploads\/2026\/02\/couvEM3.jpg\" alt=\"\" class=\"wp-image-314\" srcset=\"https:\/\/oliviermetellus.fr\/wp-content\/uploads\/2026\/02\/couvEM3.jpg 408w, https:\/\/oliviermetellus.fr\/wp-content\/uploads\/2026\/02\/couvEM3-200x300.jpg 200w\" sizes=\"auto, (max-width: 408px) 100vw, 408px\" \/><\/figure>\n\n\n\n<figure class=\"wp-block-image size-large\"><img loading=\"lazy\" decoding=\"async\" width=\"565\" height=\"800\" data-id=\"316\" src=\"https:\/\/oliviermetellus.fr\/wp-content\/uploads\/2026\/02\/couvEM4.jpg\" alt=\"\" class=\"wp-image-316\" srcset=\"https:\/\/oliviermetellus.fr\/wp-content\/uploads\/2026\/02\/couvEM4.jpg 565w, https:\/\/oliviermetellus.fr\/wp-content\/uploads\/2026\/02\/couvEM4-212x300.jpg 212w\" sizes=\"auto, (max-width: 565px) 100vw, 565px\" \/><\/figure>\n\n\n\n<figure class=\"wp-block-image size-large\"><img loading=\"lazy\" decoding=\"async\" width=\"322\" height=\"482\" data-id=\"315\" src=\"https:\/\/oliviermetellus.fr\/wp-content\/uploads\/2026\/02\/couvEM5.jpg\" alt=\"\" class=\"wp-image-315\" srcset=\"https:\/\/oliviermetellus.fr\/wp-content\/uploads\/2026\/02\/couvEM5.jpg 322w, https:\/\/oliviermetellus.fr\/wp-content\/uploads\/2026\/02\/couvEM5-200x300.jpg 200w\" sizes=\"auto, (max-width: 322px) 100vw, 322px\" \/><\/figure>\n\n\n\n<figure class=\"wp-block-image size-large\"><img loading=\"lazy\" decoding=\"async\" width=\"234\" height=\"350\" data-id=\"311\" src=\"https:\/\/oliviermetellus.fr\/wp-content\/uploads\/2026\/02\/CouvEM6.jpg\" alt=\"\" class=\"wp-image-311\" srcset=\"https:\/\/oliviermetellus.fr\/wp-content\/uploads\/2026\/02\/CouvEM6.jpg 234w, https:\/\/oliviermetellus.fr\/wp-content\/uploads\/2026\/02\/CouvEM6-201x300.jpg 201w\" sizes=\"auto, (max-width: 234px) 100vw, 234px\" \/><\/figure>\n\n\n\n<figure class=\"wp-block-image size-large\"><img loading=\"lazy\" decoding=\"async\" width=\"240\" height=\"360\" data-id=\"312\" src=\"https:\/\/oliviermetellus.fr\/wp-content\/uploads\/2026\/02\/couvEM7-1.jpg\" alt=\"\" class=\"wp-image-312\" srcset=\"https:\/\/oliviermetellus.fr\/wp-content\/uploads\/2026\/02\/couvEM7-1.jpg 240w, https:\/\/oliviermetellus.fr\/wp-content\/uploads\/2026\/02\/couvEM7-1-200x300.jpg 200w\" sizes=\"auto, (max-width: 240px) 100vw, 240px\" \/><\/figure>\n\n\n\n<figure class=\"wp-block-image size-large\"><img loading=\"lazy\" decoding=\"async\" width=\"240\" height=\"360\" data-id=\"313\" src=\"https:\/\/oliviermetellus.fr\/wp-content\/uploads\/2026\/02\/couvEM8.jpg\" alt=\"\" class=\"wp-image-313\" srcset=\"https:\/\/oliviermetellus.fr\/wp-content\/uploads\/2026\/02\/couvEM8.jpg 240w, https:\/\/oliviermetellus.fr\/wp-content\/uploads\/2026\/02\/couvEM8-200x300.jpg 200w\" sizes=\"auto, (max-width: 240px) 100vw, 240px\" \/><\/figure>\n<figcaption class=\"blocks-gallery-caption wp-element-caption\">Couvertures &amp; visuels (s\u00e9lection)<\/figcaption><\/figure>\n\n\n\n<div class=\"wp-block-columns alignwide is-layout-flex wp-container-core-columns-is-layout-28f84493 wp-block-columns-is-layout-flex\">\n<div class=\"wp-block-column is-layout-flow wp-block-column-is-layout-flow\">\n<ul style=\"border-top-left-radius:20px;border-top-right-radius:20px;border-bottom-left-radius:20px;border-bottom-right-radius:20px\" class=\"wp-block-list has-custom-gris-clair-background-color has-background\">\n<li><strong>[Esprit M\u00e9tis]<\/strong> M. Lee-Chin : milliardaire et bienfaiteur &#8211; 2008<br>Liens :  <a href=\"https:\/\/oliviermetellus.fr\/wp-content\/uploads\/2026\/03\/Esprit-Metis-M.-Lee-Chin-_-milliardaire-et-bienfaiteur.pdf\" data-type=\"link\" data-id=\"https:\/\/oliviermetellus.fr\/wp-content\/uploads\/2026\/03\/Esprit-Metis-M.-Lee-Chin-_-milliardaire-et-bienfaiteur.pdf\" target=\"_blank\" rel=\"noreferrer noopener\">PDF<\/a><\/li>\n\n\n\n<li><strong>[Esprit M\u00e9tis]<\/strong> Alexandre Dumas, m\u00e9tis parmi l\u2019\u00e9lite du 19i\u00e8me &#8211; 2007<br>Liens :  <a href=\"https:\/\/oliviermetellus.fr\/wp-content\/uploads\/2026\/03\/Esprit-Metis-Alexandre-Dumas-metis-parmi-lelite-du-19ieme.pdf\" data-type=\"link\" data-id=\"https:\/\/oliviermetellus.fr\/wp-content\/uploads\/2026\/03\/Esprit-Metis-Alexandre-Dumas-metis-parmi-lelite-du-19ieme.pdf\" target=\"_blank\" rel=\"noreferrer noopener\">PDF<\/a><\/li>\n\n\n\n<li><strong>[Recensions &#8211; Shvoong]<\/strong> <em>La banque et la vie<\/em>, Jacques de Fouchier &#8211; 2006<br>Liens : <a href=\"https:\/\/oliviermetellus.fr\/wp-content\/uploads\/2026\/03\/Shvoong-La-banque-et-la-vie.pdf\" data-type=\"link\" data-id=\"https:\/\/oliviermetellus.fr\/wp-content\/uploads\/2026\/03\/Shvoong-La-banque-et-la-vie.pdf\" target=\"_blank\" rel=\"noreferrer noopener\">PDF<\/a><\/li>\n<\/ul>\n<\/div>\n<\/div>\n<\/div>\n\n\n\n<div class=\"wp-block-group alignwide is-layout-flow wp-block-group-is-layout-flow\">\n<p>Recensions, portraits et notes de lecture : une premi\u00e8re \u00e9cole d\u2019\u00e9criture et de synth\u00e8se, entre revue en ligne et plateformes de critique.<\/p>\n\n\n\n<div class=\"wp-block-buttons is-layout-flex wp-block-buttons-is-layout-flex\">\n<div class=\"wp-block-button\"><a class=\"wp-block-button__link has-custom-blanc-color has-custom-bleu-accent-cta-background-color has-text-color has-background has-link-color wp-element-button\" href=\"https:\/\/oliviermetellus.fr\/index.php\/premiers-ecrits\/\">Voir tous les  premiers \u00e9crits<\/a><\/div>\n<\/div>\n<\/div>\n","protected":false},"excerpt":{"rendered":"<p>Les \u00e9crits rassembl\u00e9s ici couvrent deux registres compl\u00e9mentaires : d\u2019une part, des textes de management et de transformation (m\u00e9thode, gouvernance, confiance) ; d\u2019autre part, des textes de culture et de transmission, o\u00f9 l\u2019attention au r\u00e9cit, aux figures et aux passerelles s\u2019exprime autrement. Le fil reste le m\u00eame : clart\u00e9, structure et sens. NB \u2014 Certains [&hellip;]<\/p>\n","protected":false},"author":1,"featured_media":0,"parent":0,"menu_order":0,"comment_status":"closed","ping_status":"closed","template":"page-interne-bandeau-bleu","meta":{"footnotes":""},"class_list":["post-288","page","type-page","status-publish","hentry"],"_links":{"self":[{"href":"https:\/\/oliviermetellus.fr\/index.php\/wp-json\/wp\/v2\/pages\/288","targetHints":{"allow":["GET"]}}],"collection":[{"href":"https:\/\/oliviermetellus.fr\/index.php\/wp-json\/wp\/v2\/pages"}],"about":[{"href":"https:\/\/oliviermetellus.fr\/index.php\/wp-json\/wp\/v2\/types\/page"}],"author":[{"embeddable":true,"href":"https:\/\/oliviermetellus.fr\/index.php\/wp-json\/wp\/v2\/users\/1"}],"replies":[{"embeddable":true,"href":"https:\/\/oliviermetellus.fr\/index.php\/wp-json\/wp\/v2\/comments?post=288"}],"version-history":[{"count":54,"href":"https:\/\/oliviermetellus.fr\/index.php\/wp-json\/wp\/v2\/pages\/288\/revisions"}],"predecessor-version":[{"id":1433,"href":"https:\/\/oliviermetellus.fr\/index.php\/wp-json\/wp\/v2\/pages\/288\/revisions\/1433"}],"wp:attachment":[{"href":"https:\/\/oliviermetellus.fr\/index.php\/wp-json\/wp\/v2\/media?parent=288"}],"curies":[{"name":"wp","href":"https:\/\/api.w.org\/{rel}","templated":true}]}}