{"id":325,"date":"2026-03-06T15:28:40","date_gmt":"2026-03-06T15:28:40","guid":{"rendered":"https:\/\/oliviermetellus.fr\/?page_id=325"},"modified":"2026-03-13T12:59:07","modified_gmt":"2026-03-13T12:59:07","slug":"premiers-ecrits","status":"publish","type":"page","link":"https:\/\/oliviermetellus.fr\/index.php\/premiers-ecrits\/","title":{"rendered":"Premiers \u00e9crits"},"content":{"rendered":"\n<div style=\"height:10px\" aria-hidden=\"true\" class=\"wp-block-spacer\"><\/div>\n\n\n\n<div class=\"wp-block-group alignwide has-global-padding is-layout-constrained wp-container-core-group-is-layout-ff778368 wp-block-group-is-layout-constrained\" style=\"padding-right:var(--wp--preset--spacing--30);padding-left:var(--wp--preset--spacing--30)\">\n<figure class=\"wp-block-image alignwide size-large has-custom-border\"><img loading=\"lazy\" decoding=\"async\" width=\"1024\" height=\"384\" src=\"https:\/\/oliviermetellus.fr\/wp-content\/uploads\/2026\/02\/premiers_ecrits_bandeau_1200x450_preserve_top-1024x384.jpg\" alt=\"\" class=\"wp-image-365\" style=\"border-top-left-radius:10px;border-top-right-radius:10px;border-bottom-left-radius:10px;border-bottom-right-radius:10px\" srcset=\"https:\/\/oliviermetellus.fr\/wp-content\/uploads\/2026\/02\/premiers_ecrits_bandeau_1200x450_preserve_top-1024x384.jpg 1024w, https:\/\/oliviermetellus.fr\/wp-content\/uploads\/2026\/02\/premiers_ecrits_bandeau_1200x450_preserve_top-300x113.jpg 300w, https:\/\/oliviermetellus.fr\/wp-content\/uploads\/2026\/02\/premiers_ecrits_bandeau_1200x450_preserve_top-768x288.jpg 768w, https:\/\/oliviermetellus.fr\/wp-content\/uploads\/2026\/02\/premiers_ecrits_bandeau_1200x450_preserve_top.jpg 1200w\" sizes=\"auto, (max-width: 1024px) 100vw, 1024px\" \/><\/figure>\n<\/div>\n\n\n\n<div class=\"wp-block-group alignwide is-layout-flow wp-block-group-is-layout-flow\">\n<p>Cette page rassemble des recensions et textes courts publi\u00e9s \u00e0 partir de 2006, puis des portraits et articles culturels parus entre 2007 et 2010.<br>Elle constitue une premi\u00e8re \u00e9cole d\u2019\u00e9criture : lire, analyser, restituer, relier des trajectoires \u2014 du monde des id\u00e9es \u00e0 celui des figures historiques, culturelles ou \u00e9conomiques.<\/p>\n\n\n\n<p>Ces premiers \u00e9crits t\u00e9moignent d\u2019une curiosit\u00e9 large : litt\u00e9rature, m\u00e9tissage, biographies, \u00e9conomie, art, spiritualit\u00e9. Une \u00e9tape fondatrice dans mon parcours.<\/p>\n\n\n\n<blockquote class=\"wp-block-quote is-layout-flow wp-block-quote-is-layout-flow\">\n<p><strong>Note aux lecteur<\/strong>s<br>Ces textes \u2014 articles et recensions \u2014 ont \u00e9t\u00e9 \u00e9crits et publi\u00e9s il y a parfois plus de vingt ans. Je les republie ici <strong>en l\u2019\u00e9tat<\/strong>, sans r\u00e9\u00e9criture ni retouche, comme des traces d\u2019un cheminement : une \u00e9poque, une voix, une mani\u00e8re de regarder. Il m\u2019arrive aujourd\u2019hui de nuancer, ne pas aimer, voire de contester, certaines formulations ou prises de position ; j\u2019assume pourtant ce choix de conservation, par fid\u00e9lit\u00e9 au contexte et au mouvement d\u2019apprentissage.<\/p>\n<\/blockquote>\n<\/div>\n\n\n\n<h2 class=\"wp-block-heading alignwide\">Culture et m\u00e9tissage<\/h2>\n\n\n\n<div class=\"wp-block-group alignwide is-layout-flow wp-block-group-is-layout-flow\">\n<p><em>Portraits, figures historiques, trajectoires du m\u00e9tissage.<\/em><\/p>\n\n\n\n<p>Articles publi\u00e9s dans la revue Esprit M\u00e9tis (web et \u00e9dition papier), 2007\u20132010.<\/p>\n\n\n\n<blockquote class=\"wp-block-quote is-layout-flow wp-block-quote-is-layout-flow\">\n<p>Le M\u00e9tissage est plus un \u00e9tat d\u2019esprit qu\u2019un crit\u00e8re physique.<br><em>Un m\u00e9tis est d&rsquo;apr\u00e8s nous une personne qui vit avec des cultures diff\u00e9rentes, quelles que soient ses origines. C&rsquo;est une personne qui ne peut s&rsquo;enfermer dans un communautarisme culturel exclusif. Avoir l\u2019esprit m\u00e9tis c\u2019est accepter l&rsquo;autre tel qu&rsquo;il est !<\/em><br><strong><a href=\"https:\/\/espritmetis.wordpress.com\/700-2\/\" target=\"_blank\" rel=\"noreferrer noopener\">Esprit M\u00e9tis <\/a><\/strong><\/p>\n<\/blockquote>\n<\/div>\n\n\n\n<div class=\"wp-block-group alignwide has-custom-gris-clair-background-color has-background is-layout-flow wp-block-group-is-layout-flow\" style=\"border-top-left-radius:15px;border-top-right-radius:15px;border-bottom-left-radius:15px;border-bottom-right-radius:15px\">\n<h3 class=\"wp-block-heading\"><strong>A la une<\/strong><\/h3>\n\n\n\n<figure class=\"wp-block-gallery alignwide has-nested-images columns-8 is-cropped wp-block-gallery-1 is-layout-flex wp-block-gallery-is-layout-flex\">\n<figure class=\"wp-block-image size-large\"><img loading=\"lazy\" decoding=\"async\" width=\"299\" height=\"448\" data-id=\"348\" src=\"https:\/\/oliviermetellus.fr\/wp-content\/uploads\/2026\/02\/CouvEM1-1.jpg\" alt=\"\" class=\"wp-image-348\" srcset=\"https:\/\/oliviermetellus.fr\/wp-content\/uploads\/2026\/02\/CouvEM1-1.jpg 299w, https:\/\/oliviermetellus.fr\/wp-content\/uploads\/2026\/02\/CouvEM1-1-200x300.jpg 200w\" sizes=\"auto, (max-width: 299px) 100vw, 299px\" \/><\/figure>\n\n\n\n<figure class=\"wp-block-image size-large\"><img loading=\"lazy\" decoding=\"async\" width=\"300\" height=\"448\" data-id=\"347\" src=\"https:\/\/oliviermetellus.fr\/wp-content\/uploads\/2026\/02\/couvEM2-1.jpg\" alt=\"\" class=\"wp-image-347\" srcset=\"https:\/\/oliviermetellus.fr\/wp-content\/uploads\/2026\/02\/couvEM2-1.jpg 300w, https:\/\/oliviermetellus.fr\/wp-content\/uploads\/2026\/02\/couvEM2-1-201x300.jpg 201w\" sizes=\"auto, (max-width: 300px) 100vw, 300px\" \/><\/figure>\n\n\n\n<figure class=\"wp-block-image size-large\"><img loading=\"lazy\" decoding=\"async\" width=\"408\" height=\"613\" data-id=\"349\" src=\"https:\/\/oliviermetellus.fr\/wp-content\/uploads\/2026\/02\/couvEM3-1.jpg\" alt=\"\" class=\"wp-image-349\" srcset=\"https:\/\/oliviermetellus.fr\/wp-content\/uploads\/2026\/02\/couvEM3-1.jpg 408w, https:\/\/oliviermetellus.fr\/wp-content\/uploads\/2026\/02\/couvEM3-1-200x300.jpg 200w\" sizes=\"auto, (max-width: 408px) 100vw, 408px\" \/><\/figure>\n\n\n\n<figure class=\"wp-block-image size-large\"><img loading=\"lazy\" decoding=\"async\" width=\"565\" height=\"800\" data-id=\"354\" src=\"https:\/\/oliviermetellus.fr\/wp-content\/uploads\/2026\/02\/couvEM4-1.jpg\" alt=\"\" class=\"wp-image-354\" srcset=\"https:\/\/oliviermetellus.fr\/wp-content\/uploads\/2026\/02\/couvEM4-1.jpg 565w, https:\/\/oliviermetellus.fr\/wp-content\/uploads\/2026\/02\/couvEM4-1-212x300.jpg 212w\" sizes=\"auto, (max-width: 565px) 100vw, 565px\" \/><\/figure>\n\n\n\n<figure class=\"wp-block-image size-large\"><img loading=\"lazy\" decoding=\"async\" width=\"322\" height=\"482\" data-id=\"352\" src=\"https:\/\/oliviermetellus.fr\/wp-content\/uploads\/2026\/02\/couvEM5-1.jpg\" alt=\"\" class=\"wp-image-352\" srcset=\"https:\/\/oliviermetellus.fr\/wp-content\/uploads\/2026\/02\/couvEM5-1.jpg 322w, https:\/\/oliviermetellus.fr\/wp-content\/uploads\/2026\/02\/couvEM5-1-200x300.jpg 200w\" sizes=\"auto, (max-width: 322px) 100vw, 322px\" \/><\/figure>\n\n\n\n<figure class=\"wp-block-image size-large\"><img loading=\"lazy\" decoding=\"async\" width=\"234\" height=\"350\" data-id=\"353\" src=\"https:\/\/oliviermetellus.fr\/wp-content\/uploads\/2026\/02\/CouvEM6-1.jpg\" alt=\"\" class=\"wp-image-353\" srcset=\"https:\/\/oliviermetellus.fr\/wp-content\/uploads\/2026\/02\/CouvEM6-1.jpg 234w, https:\/\/oliviermetellus.fr\/wp-content\/uploads\/2026\/02\/CouvEM6-1-201x300.jpg 201w\" sizes=\"auto, (max-width: 234px) 100vw, 234px\" \/><\/figure>\n\n\n\n<figure class=\"wp-block-image size-large\"><img loading=\"lazy\" decoding=\"async\" width=\"240\" height=\"360\" data-id=\"351\" src=\"https:\/\/oliviermetellus.fr\/wp-content\/uploads\/2026\/02\/couvEM7-2.jpg\" alt=\"\" class=\"wp-image-351\" srcset=\"https:\/\/oliviermetellus.fr\/wp-content\/uploads\/2026\/02\/couvEM7-2.jpg 240w, https:\/\/oliviermetellus.fr\/wp-content\/uploads\/2026\/02\/couvEM7-2-200x300.jpg 200w\" sizes=\"auto, (max-width: 240px) 100vw, 240px\" \/><\/figure>\n\n\n\n<figure class=\"wp-block-image size-large\"><img loading=\"lazy\" decoding=\"async\" width=\"240\" height=\"360\" data-id=\"350\" src=\"https:\/\/oliviermetellus.fr\/wp-content\/uploads\/2026\/02\/couvEM8-1.jpg\" alt=\"\" class=\"wp-image-350\" srcset=\"https:\/\/oliviermetellus.fr\/wp-content\/uploads\/2026\/02\/couvEM8-1.jpg 240w, https:\/\/oliviermetellus.fr\/wp-content\/uploads\/2026\/02\/couvEM8-1-200x300.jpg 200w\" sizes=\"auto, (max-width: 240px) 100vw, 240px\" \/><\/figure>\n<\/figure>\n\n\n\n<ul class=\"wp-block-list\">\n<li><a href=\"https:\/\/oliviermetellus.fr\/wp-content\/uploads\/2026\/03\/Esprit-Metis-Damian-Junior-Gong-Marley-\u2014-Metis-et-alors-_-1.pdf\" data-type=\"link\" data-id=\"https:\/\/oliviermetellus.fr\/wp-content\/uploads\/2026\/03\/Esprit-Metis-Damian-Junior-Gong-Marley-\u2014-Metis-et-alors-_-1.pdf\" target=\"_blank\" rel=\"noreferrer noopener\">[Esprit M\u00e9tis &#8211; web] Damian \u201cJunior Gong\u201d Marley \u2014 M\u00e9tis, et alors (2010)<\/a><\/li>\n\n\n\n<li><a href=\"https:\/\/oliviermetellus.fr\/wp-content\/uploads\/2026\/03\/Esprit-Metis-Saint-Martin-de-Porres-le-Saint-Patron-des-metis-1.pdf\" target=\"_blank\" rel=\"noreferrer noopener\">[Esprit M\u00e9tis &#8211; web] Actes de charit\u00e9 et miracles de Saint Martin de Porr\u00e8s, le Saint Patron des m\u00e9tis (2009)<\/a><\/li>\n\n\n\n<li><a href=\"https:\/\/oliviermetellus.fr\/wp-content\/uploads\/2026\/03\/Esprit-Metis-Francois-Fournier-de-Pescay-un-bordelais-metis-precurseur-de-la-chirurgie-moderne.pdf\" data-type=\"link\" data-id=\"https:\/\/oliviermetellus.fr\/wp-content\/uploads\/2026\/03\/Esprit-Metis-Francois-Fournier-de-Pescay-un-bordelais-metis-precurseur-de-la-chirurgie-moderne.pdf\" target=\"_blank\" rel=\"noreferrer noopener\">[Esprit M\u00e9tis &#8211; mag] Fran\u00e7ois Fournier de Pescay \u2014 pr\u00e9curseur de la chirurgie moderne (2008)<\/a><\/li>\n\n\n\n<li>[Esprit M\u00e9tis &#8211; mag] <a href=\"https:\/\/oliviermetellus.fr\/wp-content\/uploads\/2026\/03\/Esprit-Metis-Kimball-OHara-le-heros-du-roman-de-R.-Kipling-1.pdf\" data-type=\"link\" data-id=\"https:\/\/oliviermetellus.fr\/wp-content\/uploads\/2026\/03\/Esprit-Metis-Kimball-OHara-le-heros-du-roman-de-R.-Kipling-1.pdf\" target=\"_blank\" rel=\"noreferrer noopener\">Kimball O\u2019Hara \u2014 h\u00e9ros du roman de Rudyard Kipling (2007)<\/a><\/li>\n<\/ul>\n<\/div>\n\n\n\n<details class=\"wp-block-details alignwide is-layout-flow wp-block-details-is-layout-flow\"><summary><strong>Culture &amp; m\u00e9tissage &#8211; voir tous les articles<\/strong><\/summary>\n<ul class=\"wp-block-list\">\n<li><a href=\"https:\/\/oliviermetellus.fr\/wp-content\/uploads\/2026\/03\/Esprit-Metis-Obama-et-ses-anecdotes-metissees.pdf\" data-type=\"link\" data-id=\"https:\/\/oliviermetellus.fr\/wp-content\/uploads\/2026\/03\/Esprit-Metis-Obama-et-ses-anecdotes-metissees.pdf\" target=\"_blank\" rel=\"noreferrer noopener\">[Esprit M\u00e9tis &#8211; web] Obama et ses anecdotes m\u00e9tiss\u00e9es (2010)<\/a><\/li>\n\n\n\n<li><a href=\"https:\/\/oliviermetellus.fr\/wp-content\/uploads\/2026\/03\/Esprit-Metis-Damian-Junior-Gong-Marley-\u2014-Metis-et-alors-_-1.pdf\" target=\"_blank\" rel=\"noreferrer noopener\">[Esprit M\u00e9tis &#8211; web] Damian \u00ab Junior Gong \u00bb Marley &#8211; M\u00e9tis, et alors (2010)<\/a><\/li>\n\n\n\n<li><a href=\"https:\/\/oliviermetellus.fr\/wp-content\/uploads\/2026\/03\/Esprit-Metis-Wifredo-Lam-lart-metisse-cubain-de-Picasso-a-Cesaire-1.pdf\" data-type=\"link\" data-id=\"https:\/\/oliviermetellus.fr\/wp-content\/uploads\/2026\/03\/Esprit-Metis-Wifredo-Lam-lart-metisse-cubain-de-Picasso-a-Cesaire-1.pdf\" target=\"_blank\" rel=\"noreferrer noopener\">[Esprit M\u00e9tis &#8211; web] Wifredo Lam, l\u2019art m\u00e9tiss\u00e9 cubain de Picasso \u00e0 C\u00e9saire (2009)<\/a><\/li>\n\n\n\n<li><a href=\"https:\/\/oliviermetellus.fr\/wp-content\/uploads\/2026\/03\/Esprit-Metis-Saint-Martin-de-Porres-le-Saint-Patron-des-metis-1.pdf\">[Esprit M\u00e9tis &#8211; web] Actes de charit\u00e9 et miracles de Saint Martin de Porr\u00e8s, le Saint Patron des m\u00e9tis (2009)<\/a><\/li>\n\n\n\n<li><a href=\"https:\/\/oliviermetellus.fr\/wp-content\/uploads\/2026\/03\/Esprit-Metis-Victoria-Rowell-un-parcours-percutant-_-de-la-danse-aux-sciences-sociales.pdf\" data-type=\"link\" data-id=\"https:\/\/oliviermetellus.fr\/wp-content\/uploads\/2026\/03\/Esprit-Metis-Victoria-Rowell-un-parcours-percutant-_-de-la-danse-aux-sciences-sociales.pdf\" target=\"_blank\" rel=\"noreferrer noopener\">[Esprit M\u00e9tis &#8211; mag] Victoria Rowell, un parcours percutant : de la danse aux sciences sociales (2008)<\/a><\/li>\n\n\n\n<li><a href=\"https:\/\/oliviermetellus.fr\/wp-content\/uploads\/2026\/03\/Esprit-Metis-Francois-Fournier-de-Pescay-un-bordelais-metis-precurseur-de-la-chirurgie-moderne.pdf\" data-type=\"link\" data-id=\"https:\/\/oliviermetellus.fr\/wp-content\/uploads\/2026\/03\/Esprit-Metis-Francois-Fournier-de-Pescay-un-bordelais-metis-precurseur-de-la-chirurgie-moderne.pdf\" target=\"_blank\" rel=\"noreferrer noopener\">[Esprit M\u00e9tis &#8211; mag] Fran\u00e7ois Fournier de Pescay un bordelais m\u00e9tis pr\u00e9curseur de la chirurgie moderne (2008)<\/a><\/li>\n\n\n\n<li><a href=\"https:\/\/oliviermetellus.fr\/wp-content\/uploads\/2026\/03\/Esprit-Metis-M.-Lee-Chin-_-milliardaire-et-bienfaiteur.pdf\" data-type=\"link\" data-id=\"https:\/\/oliviermetellus.fr\/wp-content\/uploads\/2026\/03\/Esprit-Metis-M.-Lee-Chin-_-milliardaire-et-bienfaiteur.pdf\" target=\"_blank\" rel=\"noreferrer noopener\">[Esprit M\u00e9tis &#8211; mag] M. Lee-Chin : milliardaire et bienfaiteur (2008)<\/a><\/li>\n\n\n\n<li><a href=\"https:\/\/oliviermetellus.fr\/wp-content\/uploads\/2026\/03\/Esprit-Metis-Kimball-OHara-le-heros-du-roman-de-R.-Kipling-1.pdf\" data-type=\"link\" data-id=\"https:\/\/oliviermetellus.fr\/wp-content\/uploads\/2026\/03\/Esprit-Metis-Kimball-OHara-le-heros-du-roman-de-R.-Kipling-1.pdf\" target=\"_blank\" rel=\"noreferrer noopener\">[Esprit M\u00e9tis &#8211; mag] Kimball O\u2019Hara, le h\u00e9ros du roman de R. Kipling (2007)<\/a><\/li>\n\n\n\n<li><a href=\"https:\/\/oliviermetellus.fr\/wp-content\/uploads\/2026\/03\/Esprit-Metis-Alexandre-Dumas-metis-parmi-lelite-du-19ieme.pdf\" data-type=\"link\" data-id=\"https:\/\/oliviermetellus.fr\/wp-content\/uploads\/2026\/03\/Esprit-Metis-Alexandre-Dumas-metis-parmi-lelite-du-19ieme.pdf\" target=\"_blank\" rel=\"noreferrer noopener\">[Esprit M\u00e9tis &#8211; mag] Alexandre Dumas, m\u00e9tis parmi l\u2019\u00e9lite du 19i\u00e8me (2007)<\/a><\/li>\n\n\n\n<li><a href=\"https:\/\/oliviermetellus.fr\/wp-content\/uploads\/2026\/03\/Esprit-Metis-Alexandre-Dumas-le-metissage-culturel-et-lEurope.pdf\" data-type=\"link\" data-id=\"https:\/\/oliviermetellus.fr\/wp-content\/uploads\/2026\/03\/Esprit-Metis-Alexandre-Dumas-le-metissage-culturel-et-lEurope.pdf\" target=\"_blank\" rel=\"noreferrer noopener\">[Esprit M\u00e9tis &#8211; mag] Alexandre Dumas, le m\u00e9tissage culturel et l&rsquo;Europe (2007)<\/a><\/li>\n<\/ul>\n<\/details>\n\n\n\n<hr class=\"wp-block-separator has-alpha-channel-opacity\"\/>\n\n\n\n<h2 class=\"wp-block-heading alignwide\">Recensions &amp; critiques<\/h2>\n\n\n\n<div class=\"wp-block-group alignwide is-layout-flow wp-block-group-is-layout-flow\">\n<p><em>Premiers exercices de lecture critique et d\u2019analyse.<\/em><\/p>\n<\/div>\n\n\n\n<div class=\"wp-block-group alignwide has-custom-gris-clair-background-color has-background has-global-padding is-layout-constrained wp-block-group-is-layout-constrained\" style=\"border-top-left-radius:15px;border-top-right-radius:15px;border-bottom-left-radius:15px;border-bottom-right-radius:15px\">\n<h3 class=\"wp-block-heading alignwide\"><strong>A la une<\/strong><\/h3>\n\n\n\n<figure class=\"wp-block-gallery alignwide has-nested-images columns-7 is-cropped wp-block-gallery-2 is-layout-flex wp-block-gallery-is-layout-flex\">\n<figure class=\"wp-block-image size-large\"><img loading=\"lazy\" decoding=\"async\" width=\"633\" height=\"1024\" data-id=\"358\" src=\"https:\/\/oliviermetellus.fr\/wp-content\/uploads\/2026\/02\/3iemeOeil_Rampa-633x1024.jpg\" alt=\"\" class=\"wp-image-358\" srcset=\"https:\/\/oliviermetellus.fr\/wp-content\/uploads\/2026\/02\/3iemeOeil_Rampa-633x1024.jpg 633w, https:\/\/oliviermetellus.fr\/wp-content\/uploads\/2026\/02\/3iemeOeil_Rampa-186x300.jpg 186w, https:\/\/oliviermetellus.fr\/wp-content\/uploads\/2026\/02\/3iemeOeil_Rampa.jpg 650w\" sizes=\"auto, (max-width: 633px) 100vw, 633px\" \/><\/figure>\n\n\n\n<figure class=\"wp-block-image size-large\"><img loading=\"lazy\" decoding=\"async\" width=\"664\" height=\"1024\" data-id=\"359\" src=\"https:\/\/oliviermetellus.fr\/wp-content\/uploads\/2026\/02\/Banque_Vie_Fouchier-664x1024.jpg\" alt=\"\" class=\"wp-image-359\" srcset=\"https:\/\/oliviermetellus.fr\/wp-content\/uploads\/2026\/02\/Banque_Vie_Fouchier-664x1024.jpg 664w, https:\/\/oliviermetellus.fr\/wp-content\/uploads\/2026\/02\/Banque_Vie_Fouchier-195x300.jpg 195w, https:\/\/oliviermetellus.fr\/wp-content\/uploads\/2026\/02\/Banque_Vie_Fouchier-768x1184.jpg 768w, https:\/\/oliviermetellus.fr\/wp-content\/uploads\/2026\/02\/Banque_Vie_Fouchier.jpg 973w\" sizes=\"auto, (max-width: 664px) 100vw, 664px\" \/><\/figure>\n\n\n\n<figure class=\"wp-block-image size-large\"><img loading=\"lazy\" decoding=\"async\" width=\"653\" height=\"1024\" data-id=\"360\" src=\"https:\/\/oliviermetellus.fr\/wp-content\/uploads\/2026\/02\/Chasse_a_Courre-653x1024.jpg\" alt=\"\" class=\"wp-image-360\" srcset=\"https:\/\/oliviermetellus.fr\/wp-content\/uploads\/2026\/02\/Chasse_a_Courre-653x1024.jpg 653w, https:\/\/oliviermetellus.fr\/wp-content\/uploads\/2026\/02\/Chasse_a_Courre-191x300.jpg 191w, https:\/\/oliviermetellus.fr\/wp-content\/uploads\/2026\/02\/Chasse_a_Courre-768x1205.jpg 768w, https:\/\/oliviermetellus.fr\/wp-content\/uploads\/2026\/02\/Chasse_a_Courre.jpg 956w\" sizes=\"auto, (max-width: 653px) 100vw, 653px\" \/><\/figure>\n\n\n\n<figure class=\"wp-block-image size-large\"><img loading=\"lazy\" decoding=\"async\" width=\"609\" height=\"1024\" data-id=\"362\" src=\"https:\/\/oliviermetellus.fr\/wp-content\/uploads\/2026\/02\/Geronimo-609x1024.jpg\" alt=\"\" class=\"wp-image-362\" srcset=\"https:\/\/oliviermetellus.fr\/wp-content\/uploads\/2026\/02\/Geronimo-609x1024.jpg 609w, https:\/\/oliviermetellus.fr\/wp-content\/uploads\/2026\/02\/Geronimo-178x300.jpg 178w, https:\/\/oliviermetellus.fr\/wp-content\/uploads\/2026\/02\/Geronimo-768x1291.jpg 768w, https:\/\/oliviermetellus.fr\/wp-content\/uploads\/2026\/02\/Geronimo.jpg 892w\" sizes=\"auto, (max-width: 609px) 100vw, 609px\" \/><\/figure>\n\n\n\n<figure class=\"wp-block-image size-large\"><img loading=\"lazy\" decoding=\"async\" width=\"715\" height=\"1024\" data-id=\"361\" src=\"https:\/\/oliviermetellus.fr\/wp-content\/uploads\/2026\/02\/O_Seban-715x1024.jpg\" alt=\"\" class=\"wp-image-361\" srcset=\"https:\/\/oliviermetellus.fr\/wp-content\/uploads\/2026\/02\/O_Seban-715x1024.jpg 715w, https:\/\/oliviermetellus.fr\/wp-content\/uploads\/2026\/02\/O_Seban-210x300.jpg 210w, https:\/\/oliviermetellus.fr\/wp-content\/uploads\/2026\/02\/O_Seban-768x1099.jpg 768w, https:\/\/oliviermetellus.fr\/wp-content\/uploads\/2026\/02\/O_Seban.jpg 1048w\" sizes=\"auto, (max-width: 715px) 100vw, 715px\" \/><\/figure>\n\n\n\n<figure class=\"wp-block-image size-large\"><img loading=\"lazy\" decoding=\"async\" width=\"304\" height=\"475\" data-id=\"793\" src=\"https:\/\/oliviermetellus.fr\/wp-content\/uploads\/2026\/03\/Une-Dynastie-americaine-les-Rockefeller.jpg\" alt=\"\" class=\"wp-image-793\" srcset=\"https:\/\/oliviermetellus.fr\/wp-content\/uploads\/2026\/03\/Une-Dynastie-americaine-les-Rockefeller.jpg 304w, https:\/\/oliviermetellus.fr\/wp-content\/uploads\/2026\/03\/Une-Dynastie-americaine-les-Rockefeller-192x300.jpg 192w\" sizes=\"auto, (max-width: 304px) 100vw, 304px\" \/><\/figure>\n\n\n\n<figure class=\"wp-block-image size-large\"><img loading=\"lazy\" decoding=\"async\" width=\"701\" height=\"1024\" data-id=\"795\" src=\"https:\/\/oliviermetellus.fr\/wp-content\/uploads\/2026\/03\/Armstrong_Lance-701x1024.jpg\" alt=\"\" class=\"wp-image-795\" srcset=\"https:\/\/oliviermetellus.fr\/wp-content\/uploads\/2026\/03\/Armstrong_Lance-701x1024.jpg 701w, https:\/\/oliviermetellus.fr\/wp-content\/uploads\/2026\/03\/Armstrong_Lance-205x300.jpg 205w, https:\/\/oliviermetellus.fr\/wp-content\/uploads\/2026\/03\/Armstrong_Lance.jpg 759w\" sizes=\"auto, (max-width: 701px) 100vw, 701px\" \/><\/figure>\n<\/figure>\n\n\n\n<div class=\"wp-block-group alignwide is-layout-flow wp-block-group-is-layout-flow\">\n<ul class=\"wp-block-list\">\n<li><a href=\"https:\/\/oliviermetellus.fr\/wp-content\/uploads\/2026\/03\/Shvoong-La-banque-et-la-vie.pdf\" data-type=\"link\" data-id=\"https:\/\/oliviermetellus.fr\/wp-content\/uploads\/2026\/03\/Shvoong-La-banque-et-la-vie.pdf\" target=\"_blank\" rel=\"noreferrer noopener\">[Recensions (Shvoong)] La banque et la vie, Jacques de Fouchier, (2006)<\/a><\/li>\n\n\n\n<li><a href=\"https:\/\/oliviermetellus.fr\/wp-content\/uploads\/2026\/03\/Shvoong-Chasse-a-courre.pdf\" target=\"_blank\" rel=\"noreferrer noopener\">[Recensions (Shvoong)] Chasse a courre, Clemence Boulouque, (2006)<\/a><\/li>\n\n\n\n<li><a href=\"https:\/\/oliviermetellus.fr\/wp-content\/uploads\/2026\/03\/Shvoong-Le-troisieme-oeil.pdf\" target=\"_blank\" rel=\"noreferrer noopener\">[Recensions (Shvoong)] Le troisi\u00e8me \u0153il, T. Lobsang Rampa, (2006)<\/a><\/li>\n<\/ul>\n<\/div>\n<\/div>\n\n\n\n<details class=\"wp-block-details alignwide is-layout-flow wp-block-details-is-layout-flow\"><summary><strong>Recensions &amp; critiques &#8211; voir tous les articles<\/strong><\/summary>\n<ul class=\"wp-block-list\">\n<li><a href=\"https:\/\/oliviermetellus.fr\/wp-content\/uploads\/2026\/03\/Shvoong-Geronimo-le-dernier-chef-apache.pdf\" data-type=\"link\" data-id=\"https:\/\/oliviermetellus.fr\/wp-content\/uploads\/2026\/03\/Shvoong-Geronimo-le-dernier-chef-apache.pdf\" target=\"_blank\" rel=\"noreferrer noopener\">[Recensions (Shvoong)] Geronimo le dernier chef apache, Leigh Sauerwein, (2006)<\/a><\/li>\n\n\n\n<li><a href=\"https:\/\/oliviermetellus.fr\/wp-content\/uploads\/2026\/03\/Shvoong-La-dynastie-des-Rockefeller.pdf\" data-type=\"link\" data-id=\"https:\/\/oliviermetellus.fr\/wp-content\/uploads\/2026\/03\/Shvoong-La-dynastie-des-Rockefeller.pdf\" target=\"_blank\" rel=\"noreferrer noopener\">[Recensions (Shvoong)] Une dynastie am\u00e9ricaine, les Rockfeller, P. Collier &amp; D. Horowtiz (2006)<\/a><\/li>\n\n\n\n<li><a href=\"https:\/\/oliviermetellus.fr\/wp-content\/uploads\/2026\/03\/Shvoong-Lance-Armstrong-Il-n-y-a-pas-que-le-velo-dans-la-vie.pdf\" data-type=\"link\" data-id=\"https:\/\/oliviermetellus.fr\/wp-content\/uploads\/2026\/03\/Shvoong-Lance-Armstrong-Il-n-y-a-pas-que-le-velo-dans-la-vie.pdf\" target=\"_blank\" rel=\"noreferrer noopener\">[Recensions (Shvoong)] Il n\u2019y a pas que le v\u00e9lo dans la vie, Lance Armstrong, avec Sally Jenkins (2006)<\/a><\/li>\n\n\n\n<li><a href=\"https:\/\/oliviermetellus.fr\/wp-content\/uploads\/2026\/03\/Shvoong-Mumia-Abu-Jamal-La-mort-en-fleurs.pdf\" data-type=\"link\" data-id=\"https:\/\/oliviermetellus.fr\/wp-content\/uploads\/2026\/03\/Shvoong-Mumia-Abu-Jamal-La-mort-en-fleurs.pdf\" target=\"_blank\" rel=\"noreferrer noopener\">[Recensions (Shvoong)] La mort en fleurs, Mumia Abu-Jamal&nbsp;(2006)<\/a><\/li>\n\n\n\n<li><a href=\"https:\/\/oliviermetellus.fr\/wp-content\/uploads\/2026\/03\/Shvoong-Tout-le-monde-merite-d-etre-riche.pdf\" data-type=\"link\" data-id=\"https:\/\/oliviermetellus.fr\/wp-content\/uploads\/2026\/03\/Shvoong-Tout-le-monde-merite-d-etre-riche.pdf\" target=\"_blank\" rel=\"noreferrer noopener\">Recensions (Shvoong)] Tout le monde m\u00e9rite d&rsquo;\u00eatre riche, Olivier Seban (2006)<\/a><\/li>\n\n\n\n<li><a href=\"https:\/\/oliviermetellus.fr\/wp-content\/uploads\/2026\/03\/Shvoong-Chasse-a-courre.pdf\" target=\"_blank\" rel=\"noreferrer noopener\">[Recensions (Shvoong)] Chasse a courre, Clemence Boulouque, (2006)<\/a><\/li>\n\n\n\n<li><a href=\"https:\/\/oliviermetellus.fr\/wp-content\/uploads\/2026\/03\/Shvoong-La-banque-et-la-vie.pdf\" data-type=\"link\" data-id=\"https:\/\/oliviermetellus.fr\/wp-content\/uploads\/2026\/03\/Shvoong-La-banque-et-la-vie.pdf\" target=\"_blank\" rel=\"noreferrer noopener\">[Recensions (Shvoong)] La banque et la vie, Jacques de Fouchier, (2006)<\/a><\/li>\n\n\n\n<li><a href=\"https:\/\/oliviermetellus.fr\/wp-content\/uploads\/2026\/03\/Shvoong-Le-troisieme-oeil.pdf\" target=\"_blank\" rel=\"noreferrer noopener\">[Recensions (Shvoong)] Le troisi\u00e8me \u0153il, T. Lobsang Rampa, (2006)<\/a><\/li>\n<\/ul>\n<\/details>\n\n\n\n<p><\/p>\n","protected":false},"excerpt":{"rendered":"<p>Cette page rassemble des recensions et textes courts publi\u00e9s \u00e0 partir de 2006, puis des portraits et articles culturels parus entre 2007 et 2010.Elle constitue une premi\u00e8re \u00e9cole d\u2019\u00e9criture : lire, analyser, restituer, relier des trajectoires \u2014 du monde des id\u00e9es \u00e0 celui des figures historiques, culturelles ou \u00e9conomiques. Ces premiers \u00e9crits t\u00e9moignent d\u2019une curiosit\u00e9 [&hellip;]<\/p>\n","protected":false},"author":1,"featured_media":0,"parent":0,"menu_order":0,"comment_status":"closed","ping_status":"closed","template":"page-interne-bandeau-bleu","meta":{"footnotes":""},"class_list":["post-325","page","type-page","status-publish","hentry"],"_links":{"self":[{"href":"https:\/\/oliviermetellus.fr\/index.php\/wp-json\/wp\/v2\/pages\/325","targetHints":{"allow":["GET"]}}],"collection":[{"href":"https:\/\/oliviermetellus.fr\/index.php\/wp-json\/wp\/v2\/pages"}],"about":[{"href":"https:\/\/oliviermetellus.fr\/index.php\/wp-json\/wp\/v2\/types\/page"}],"author":[{"embeddable":true,"href":"https:\/\/oliviermetellus.fr\/index.php\/wp-json\/wp\/v2\/users\/1"}],"replies":[{"embeddable":true,"href":"https:\/\/oliviermetellus.fr\/index.php\/wp-json\/wp\/v2\/comments?post=325"}],"version-history":[{"count":31,"href":"https:\/\/oliviermetellus.fr\/index.php\/wp-json\/wp\/v2\/pages\/325\/revisions"}],"predecessor-version":[{"id":1335,"href":"https:\/\/oliviermetellus.fr\/index.php\/wp-json\/wp\/v2\/pages\/325\/revisions\/1335"}],"wp:attachment":[{"href":"https:\/\/oliviermetellus.fr\/index.php\/wp-json\/wp\/v2\/media?parent=325"}],"curies":[{"name":"wp","href":"https:\/\/api.w.org\/{rel}","templated":true}]}}