{"id":874,"date":"2026-03-06T15:22:30","date_gmt":"2026-03-06T15:22:30","guid":{"rendered":"https:\/\/oliviermetellus.fr\/?page_id=874"},"modified":"2026-03-13T16:54:35","modified_gmt":"2026-03-13T16:54:35","slug":"contact","status":"publish","type":"page","link":"https:\/\/oliviermetellus.fr\/index.php\/contact\/","title":{"rendered":"Contact"},"content":{"rendered":"\n<div class=\"wp-block-group alignwide is-layout-flow wp-block-group-is-layout-flow\">\n<p>Je vous remercie de votre message.<br>Qu\u2019il s\u2019agisse d\u2019une question, d\u2019une proposition, d\u2019une invitation ou d\u2019un \u00e9change autour d\u2019un projet, vous pouvez me contacter via le formulaire ci-dessous. Je r\u00e9ponds d\u00e8s que possible.<\/p>\n\n\n\n<div class=\"wp-block-columns is-layout-flex wp-container-core-columns-is-layout-28f84493 wp-block-columns-is-layout-flex\">\n<div class=\"wp-block-column has-border-color has-custom-gris-clair-background-color has-background is-layout-flow wp-block-column-is-layout-flow\" style=\"border-color:#182984;border-top-left-radius:30px;border-top-right-radius:30px;border-bottom-left-radius:30px;border-bottom-right-radius:30px;padding-top:var(--wp--preset--spacing--40);padding-right:var(--wp--preset--spacing--40);padding-bottom:var(--wp--preset--spacing--40);padding-left:var(--wp--preset--spacing--40)\">\n<h2 class=\"wp-block-heading\">\u00c9crire<\/h2>\n\n\n\n<p>Pour toute prise de contact, vous pouvez simplement pr\u00e9ciser l\u2019objet de votre message et le contexte en quelques lignes.<\/p>\n<\/div>\n\n\n\n<div class=\"wp-block-column has-border-color has-custom-gris-clair-background-color has-background is-layout-flow wp-block-column-is-layout-flow\" style=\"border-color:#182984;border-top-left-radius:30px;border-top-right-radius:30px;border-bottom-left-radius:30px;border-bottom-right-radius:30px;padding-top:var(--wp--preset--spacing--40);padding-right:var(--wp--preset--spacing--40);padding-bottom:var(--wp--preset--spacing--40);padding-left:var(--wp--preset--spacing--40)\">\n<h2 class=\"wp-block-heading\">Rencontrer<\/h2>\n\n\n\n<p>Si un \u00e9change en visio ou en pr\u00e9sentiel s\u2019av\u00e8re utile, nous conviendrons d\u2019un cr\u00e9neau apr\u00e8s ce premier contact.<\/p>\n<\/div>\n<\/div>\n\n\n\n<div class=\"wp-block-columns is-layout-flex wp-container-core-columns-is-layout-28f84493 wp-block-columns-is-layout-flex\">\n<div class=\"wp-block-column has-border-color has-custom-gris-clair-background-color has-background is-layout-flow wp-block-column-is-layout-flow\" style=\"border-color:#182984;border-top-left-radius:30px;border-top-right-radius:30px;border-bottom-left-radius:30px;border-bottom-right-radius:30px;padding-top:var(--wp--preset--spacing--40);padding-right:var(--wp--preset--spacing--40);padding-bottom:var(--wp--preset--spacing--40);padding-left:var(--wp--preset--spacing--40)\">\n<h2 class=\"wp-block-heading\">Inviter<\/h2>\n\n\n\n<p>Conf\u00e9rence, table ronde, atelier, lecture : indiquez le th\u00e8me, le cadre et les dates envisag\u00e9es.<br>Pour l\u2019<strong>AAJM<\/strong> comme pour la <strong>Nouvelle Pl\u00e9iade<\/strong>, vous pouvez utiliser le m\u00eame formulaire.<\/p>\n<\/div>\n<\/div>\n\n\n\n<div class=\"wp-block-columns is-layout-flex wp-container-core-columns-is-layout-28f84493 wp-block-columns-is-layout-flex\">\n<div class=\"wp-block-column is-layout-flow wp-block-column-is-layout-flow\" style=\"flex-basis:50%\">\n<div class=\"wp-block-group has-global-padding is-layout-constrained wp-block-group-is-layout-constrained\" style=\"border-top-left-radius:30px;border-top-right-radius:30px;border-bottom-left-radius:30px;border-bottom-right-radius:30px\"><style>\n\/* Force la hauteur des champs CF7 (nom \/ email \/ objet) *\/\n.wpcf7 input[type=\"text\"],\n.wpcf7 input[type=\"email\"],\n.wpcf7 input[type=\"url\"],\n.wpcf7 input[type=\"tel\"]{\n  width: 100% !important;\n  max-width: 520px !important;\n  min-height: 44px !important;   \/* <-- la cl\u00e9 *\/\n  padding: 10px 12px !important; \/* augmente la hauteur visuelle *\/\n  line-height: 1.2 !important;\n  box-sizing: border-box !important;\n}\n\n\/* Zone message *\/\n.wpcf7 textarea{\n  width: 100% !important;\n  max-width: 520px !important;\n  padding: 10px 12px !important;\n  box-sizing: border-box !important;\n}\n\n\/* Bouton *\/\n.wpcf7 input[type=\"submit\"]{\n  padding: 10px 16px !important;\n}\n<\/style>\n<style>\n\/* Harmonise la hauteur du menu d\u00e9roulant CF7 sur la page Contact *\/\n.wpcf7 select {\n  width: 100%;\n  max-width: 520px;\n  min-height: 44px;\n  padding: 10px 12px;\n  box-sizing: border-box;\n}\n<\/style>\n<style>\n\/* Formulaire CF7 \u2014 ajustement confort de lecture *\/\n.wpcf7 input[type=\"text\"],\n.wpcf7 input[type=\"email\"],\n.wpcf7 select,\n.wpcf7 textarea{\n  font-size: 16px;      \/* augmente la police *\/\n  line-height: 1.4;\n}<\/p>\n<p>\/* Conserve l'harmonisation des hauteurs *\/\n.wpcf7 input[type=\"text\"],\n.wpcf7 input[type=\"email\"],\n.wpcf7 select{\n  min-height: 44px;\n  padding: 10px 12px;\n  box-sizing: border-box;\n}<\/p>\n<p>.wpcf7 textarea{\n  padding: 10px 12px;\n  box-sizing: border-box;\n}\n<\/style>\n<style>\n\/* Bouton CF7 : plus de confort visuel *\/\n.wpcf7 input[type=\"submit\"]{\n  padding: 10px 16px;   \/* plus \u201cgrand\u201d sans changer la police *\/\n  min-height: 44px;     \/* coh\u00e9rent avec les champs *\/\n}\n<\/style>\n\n<div class=\"wpcf7 no-js\" id=\"wpcf7-f878-o1\" lang=\"en-US\" dir=\"ltr\" data-wpcf7-id=\"878\">\n<div class=\"screen-reader-response\"><p role=\"status\" aria-live=\"polite\" aria-atomic=\"true\"><\/p> <ul><\/ul><\/div>\n<form action=\"\/index.php\/wp-json\/wp\/v2\/pages\/874#wpcf7-f878-o1\" method=\"post\" class=\"wpcf7-form init\" aria-label=\"Contact form\" novalidate=\"novalidate\" data-status=\"init\">\n<fieldset class=\"hidden-fields-container\"><input type=\"hidden\" name=\"_wpcf7\" value=\"878\" \/><input type=\"hidden\" name=\"_wpcf7_version\" value=\"6.1.5\" \/><input type=\"hidden\" name=\"_wpcf7_locale\" value=\"en_US\" \/><input type=\"hidden\" name=\"_wpcf7_unit_tag\" value=\"wpcf7-f878-o1\" \/><input type=\"hidden\" name=\"_wpcf7_container_post\" value=\"0\" \/><input type=\"hidden\" name=\"_wpcf7_posted_data_hash\" value=\"\" \/>\n<\/fieldset>\n<p><label> Votre nom *<br \/>\n<span class=\"wpcf7-form-control-wrap\" data-name=\"your-name\"><input size=\"40\" maxlength=\"400\" class=\"wpcf7-form-control wpcf7-text wpcf7-validates-as-required\" autocomplete=\"name\" aria-required=\"true\" aria-invalid=\"false\" value=\"\" type=\"text\" name=\"your-name\" \/><\/span><br \/>\n<\/label>\n<\/p>\n<p><label> Votre email *<br \/>\n<span class=\"wpcf7-form-control-wrap\" data-name=\"your-email\"><input size=\"40\" maxlength=\"400\" class=\"wpcf7-form-control wpcf7-email wpcf7-validates-as-required wpcf7-text wpcf7-validates-as-email\" autocomplete=\"email\" aria-required=\"true\" aria-invalid=\"false\" value=\"\" type=\"email\" name=\"your-email\" \/><\/span><br \/>\n<\/label>\n<\/p>\n<p><label> Sujet *<br \/>\n<span class=\"wpcf7-form-control-wrap\" data-name=\"your-subject\"><select class=\"wpcf7-form-control wpcf7-select wpcf7-validates-as-required\" aria-required=\"true\" aria-invalid=\"false\" name=\"your-subject\"><option value=\"\u00c9change\">\u00c9change<\/option><option value=\"Rencontre\">Rencontre<\/option><option value=\"Invitation\">Invitation<\/option><option value=\"AAJM\">AAJM<\/option><option value=\"Nouvelle Pl\u00e9iade\">Nouvelle Pl\u00e9iade<\/option><option value=\"Autre\">Autre<\/option><\/select><\/span><br \/>\n<\/label>\n<\/p>\n<p><label> Votre message *<br \/>\n<span class=\"wpcf7-form-control-wrap\" data-name=\"your-message\"><textarea cols=\"40\" rows=\"10\" maxlength=\"2000\" class=\"wpcf7-form-control wpcf7-textarea wpcf7-validates-as-required\" aria-required=\"true\" aria-invalid=\"false\" name=\"your-message\"><\/textarea><\/span><br \/>\n<\/label>\n<\/p>\n<p><input class=\"wpcf7-form-control wpcf7-submit has-spinner\" type=\"submit\" value=\"Envoyer\" \/>\n<\/p><div class=\"wpcf7-response-output\" aria-hidden=\"true\"><\/div>\n<\/form>\n<\/div>\n\n<\/div>\n<\/div>\n\n\n\n<div class=\"wp-block-column is-layout-flow wp-block-column-is-layout-flow\">\n<div class=\"wp-block-group has-global-padding is-layout-constrained wp-container-core-group-is-layout-c385debf wp-block-group-is-layout-constrained\" style=\"border-top-left-radius:30px;border-top-right-radius:30px;border-bottom-left-radius:30px;border-bottom-right-radius:30px;padding-top:var(--wp--preset--spacing--20);padding-right:var(--wp--preset--spacing--20);padding-bottom:var(--wp--preset--spacing--20);padding-left:var(--wp--preset--spacing--20)\">\n<figure class=\"wp-block-image aligncenter size-full has-custom-border\"><img loading=\"lazy\" decoding=\"async\" width=\"1200\" height=\"1190\" src=\"https:\/\/oliviermetellus.fr\/wp-content\/uploads\/2026\/02\/OM_Situation-e1772206448847.jpg\" alt=\"\" class=\"wp-image-500\" style=\"border-top-left-radius:30px;border-top-right-radius:30px;border-bottom-left-radius:30px;border-bottom-right-radius:30px\" srcset=\"https:\/\/oliviermetellus.fr\/wp-content\/uploads\/2026\/02\/OM_Situation-e1772206448847.jpg 1200w, https:\/\/oliviermetellus.fr\/wp-content\/uploads\/2026\/02\/OM_Situation-e1772206448847-300x298.jpg 300w, https:\/\/oliviermetellus.fr\/wp-content\/uploads\/2026\/02\/OM_Situation-e1772206448847-1024x1015.jpg 1024w, https:\/\/oliviermetellus.fr\/wp-content\/uploads\/2026\/02\/OM_Situation-e1772206448847-150x150.jpg 150w, https:\/\/oliviermetellus.fr\/wp-content\/uploads\/2026\/02\/OM_Situation-e1772206448847-768x762.jpg 768w\" sizes=\"auto, (max-width: 1200px) 100vw, 1200px\" \/><\/figure>\n\n\n\n<p><em>Pour suivre mes publications.<\/em><br><strong><a href=\"https:\/\/www.linkedin.com\/in\/ometellus\/\" data-type=\"link\" data-id=\"https:\/\/www.linkedin.com\/in\/ometellus\/\">Me retrouver sur LinkedIn<\/a><\/strong><\/p>\n<\/div>\n<\/div>\n<\/div>\n<\/div>\n\n\n\n<p><\/p>\n","protected":false},"excerpt":{"rendered":"<p>Je vous remercie de votre message.Qu\u2019il s\u2019agisse d\u2019une question, d\u2019une proposition, d\u2019une invitation ou d\u2019un \u00e9change autour d\u2019un projet, vous pouvez me contacter via le formulaire ci-dessous. Je r\u00e9ponds d\u00e8s que possible. \u00c9crire Pour toute prise de contact, vous pouvez simplement pr\u00e9ciser l\u2019objet de votre message et le contexte en quelques lignes. Rencontrer Si un [&hellip;]<\/p>\n","protected":false},"author":1,"featured_media":0,"parent":0,"menu_order":0,"comment_status":"closed","ping_status":"closed","template":"page-interne-bandeau-bleu","meta":{"footnotes":""},"class_list":["post-874","page","type-page","status-publish","hentry"],"_links":{"self":[{"href":"https:\/\/oliviermetellus.fr\/index.php\/wp-json\/wp\/v2\/pages\/874","targetHints":{"allow":["GET"]}}],"collection":[{"href":"https:\/\/oliviermetellus.fr\/index.php\/wp-json\/wp\/v2\/pages"}],"about":[{"href":"https:\/\/oliviermetellus.fr\/index.php\/wp-json\/wp\/v2\/types\/page"}],"author":[{"embeddable":true,"href":"https:\/\/oliviermetellus.fr\/index.php\/wp-json\/wp\/v2\/users\/1"}],"replies":[{"embeddable":true,"href":"https:\/\/oliviermetellus.fr\/index.php\/wp-json\/wp\/v2\/comments?post=874"}],"version-history":[{"count":34,"href":"https:\/\/oliviermetellus.fr\/index.php\/wp-json\/wp\/v2\/pages\/874\/revisions"}],"predecessor-version":[{"id":1372,"href":"https:\/\/oliviermetellus.fr\/index.php\/wp-json\/wp\/v2\/pages\/874\/revisions\/1372"}],"wp:attachment":[{"href":"https:\/\/oliviermetellus.fr\/index.php\/wp-json\/wp\/v2\/media?parent=874"}],"curies":[{"name":"wp","href":"https:\/\/api.w.org\/{rel}","templated":true}]}}