{"id":914,"date":"2026-03-06T15:24:08","date_gmt":"2026-03-06T15:24:08","guid":{"rendered":"https:\/\/oliviermetellus.fr\/?page_id=914"},"modified":"2026-03-06T15:24:08","modified_gmt":"2026-03-06T15:24:08","slug":"mentions-legales","status":"publish","type":"page","link":"https:\/\/oliviermetellus.fr\/index.php\/mentions-legales\/","title":{"rendered":"Mentions l\u00e9gales"},"content":{"rendered":"\n<div class=\"wp-block-group alignwide is-layout-flow wp-block-group-is-layout-flow\">\n<p>Le pr\u00e9sent site, accessible \u00e0 l\u2019adresse <strong>oliviermetellus.fr<\/strong>, est \u00e9dit\u00e9 \u00e0 titre personnel.<\/p>\n\n\n\n<p>\u00c9diteur du site<\/p>\n\n\n\n<p>Olivier M\u00e9tellus<br>Contact : via la page <strong>Contact<\/strong> du site.<\/p>\n\n\n\n<p><strong>Directeur de la publication<\/strong><\/p>\n\n\n\n<p>Olivier M\u00e9tellus.<\/p>\n\n\n\n<p>Prestations \/ facturation<br><br>Certaines prestations professionnelles peuvent \u00eatre factur\u00e9es par :<br><strong>ATCCM Consulting, SASU, 940 400 385 R.C.S. Versailles.<\/strong><\/p>\n\n\n\n<p><strong>H\u00e9bergement<\/strong><br><br>Site h\u00e9berg\u00e9 par <strong>OVH<\/strong>.<\/p>\n\n\n\n<p><strong>Propri\u00e9t\u00e9 intellectuelle<\/strong><br><br>Sauf mention contraire, l\u2019ensemble des contenus (textes, images, documents, \u00e9l\u00e9ments graphiques) est prot\u00e9g\u00e9 par le droit d\u2019auteur. Toute reproduction, repr\u00e9sentation, adaptation ou r\u00e9utilisation, totale ou partielle, sans autorisation pr\u00e9alable, est interdite.<\/p>\n<\/div>\n","protected":false},"excerpt":{"rendered":"<p>Le pr\u00e9sent site, accessible \u00e0 l\u2019adresse oliviermetellus.fr, est \u00e9dit\u00e9 \u00e0 titre personnel. \u00c9diteur du site Olivier M\u00e9tellusContact : via la page Contact du site. Directeur de la publication Olivier M\u00e9tellus. Prestations \/ facturation Certaines prestations professionnelles peuvent \u00eatre factur\u00e9es par :ATCCM Consulting, SASU, 940 400 385 R.C.S. Versailles. H\u00e9bergement Site h\u00e9berg\u00e9 par OVH. Propri\u00e9t\u00e9 intellectuelle [&hellip;]<\/p>\n","protected":false},"author":1,"featured_media":0,"parent":0,"menu_order":0,"comment_status":"closed","ping_status":"closed","template":"page-interne-bandeau-bleu","meta":{"footnotes":""},"class_list":["post-914","page","type-page","status-publish","hentry"],"_links":{"self":[{"href":"https:\/\/oliviermetellus.fr\/index.php\/wp-json\/wp\/v2\/pages\/914","targetHints":{"allow":["GET"]}}],"collection":[{"href":"https:\/\/oliviermetellus.fr\/index.php\/wp-json\/wp\/v2\/pages"}],"about":[{"href":"https:\/\/oliviermetellus.fr\/index.php\/wp-json\/wp\/v2\/types\/page"}],"author":[{"embeddable":true,"href":"https:\/\/oliviermetellus.fr\/index.php\/wp-json\/wp\/v2\/users\/1"}],"replies":[{"embeddable":true,"href":"https:\/\/oliviermetellus.fr\/index.php\/wp-json\/wp\/v2\/comments?post=914"}],"version-history":[{"count":1,"href":"https:\/\/oliviermetellus.fr\/index.php\/wp-json\/wp\/v2\/pages\/914\/revisions"}],"predecessor-version":[{"id":915,"href":"https:\/\/oliviermetellus.fr\/index.php\/wp-json\/wp\/v2\/pages\/914\/revisions\/915"}],"wp:attachment":[{"href":"https:\/\/oliviermetellus.fr\/index.php\/wp-json\/wp\/v2\/media?parent=914"}],"curies":[{"name":"wp","href":"https:\/\/api.w.org\/{rel}","templated":true}]}}